{"id":6868,"date":"2024-11-13T08:41:00","date_gmt":"2024-11-13T07:41:00","guid":{"rendered":"https:\/\/korint.eu\/anwendung-oeffnen\/"},"modified":"2025-07-15T13:14:48","modified_gmt":"2025-07-15T11:14:48","slug":"initiativbewerbung","status":"publish","type":"page","link":"https:\/\/korint.eu\/de\/initiativbewerbung\/","title":{"rendered":"Initiativbewerbung"},"content":{"rendered":"<p>[et_pb_section fb_built=&#8220;1&#8243; _builder_version=&#8220;4.27.4&#8243; _module_preset=&#8220;default&#8220; background_color=&#8220;#0A363C&#8220; global_colors_info=&#8220;{}&#8220;][et_pb_row column_structure=&#8220;1_2,1_2&#8243; _builder_version=&#8220;4.27.3&#8243; _module_preset=&#8220;default&#8220; global_colors_info=&#8220;{}&#8220;][et_pb_column type=&#8220;1_2&#8243; _builder_version=&#8220;4.27.3&#8243; _module_preset=&#8220;default&#8220; global_colors_info=&#8220;{}&#8220;][et_pb_text _builder_version=&#8220;4.27.4&#8243; _module_preset=&#8220;default&#8220; background_layout=&#8220;dark&#8220; global_colors_info=&#8220;{}&#8220;]<\/p>\n<h1>Machen Sie den ersten Schritt und registrieren Sie sich!<\/h1>\n<p>Ganz gleich, ob Sie \u00fcber eine Abordnung, als Bereitschaftsdienst oder Freiberufler in den Niederlanden im Gesundheitswesen arbeiten m\u00f6chten oder ob Sie sich auf ein Abenteuer im Ausland einlassen wollen. Wir k\u00fcmmern uns um Ihre Tr\u00e4ume und W\u00fcnsche.  Heute, morgen und \u00fcbermorgen.[\/et_pb_text][\/et_pb_column][et_pb_column type=&#8220;1_2&#8243; _builder_version=&#8220;4.27.3&#8243; _module_preset=&#8220;default&#8220; global_colors_info=&#8220;{}&#8220;][\/et_pb_column][\/et_pb_row][\/et_pb_section][et_pb_section fb_built=&#8220;1&#8243; _builder_version=&#8220;4.27.4&#8243; _module_preset=&#8220;default&#8220; custom_padding=&#8220;0px|||||&#8220; global_colors_info=&#8220;{}&#8220;][et_pb_row column_structure=&#8220;1_2,1_2&#8243; _builder_version=&#8220;4.27.4&#8243; _module_preset=&#8220;default&#8220; custom_padding=&#8220;0px|||||&#8220; global_colors_info=&#8220;{}&#8220;][et_pb_column type=&#8220;1_2&#8243; _builder_version=&#8220;4.27.3&#8243; _module_preset=&#8220;default&#8220; global_colors_info=&#8220;{}&#8220;][\/et_pb_column][et_pb_column type=&#8220;1_2&#8243; _builder_version=&#8220;4.27.4&#8243; _module_preset=&#8220;default&#8220; global_colors_info=&#8220;{}&#8220;][et_pb_text _builder_version=&#8220;4.27.4&#8243; _module_preset=&#8220;default&#8220; text_font_size=&#8220;16px&#8220; background_color=&#8220;#EFF8F5&#8243; custom_margin=&#8220;-340px||||false|false&#8220; custom_margin_tablet=&#8220;-80px||||false|false&#8220; custom_margin_phone=&#8220;-80px||||false|false&#8220; custom_margin_last_edited=&#8220;on|phone&#8220; custom_padding=&#8220;50px|50px|50px|50px|true|true&#8220; custom_padding_tablet=&#8220;40px|40px|40px|40px|true|true&#8220; custom_padding_phone=&#8220;30px|30px|30px|30px|true|true&#8220; custom_padding_last_edited=&#8220;on|phone&#8220; hover_enabled=&#8220;0&#8243; global_colors_info=&#8220;{}&#8220; sticky_enabled=&#8220;0&#8243;]<\/p>\n<h4>Registrieren<\/h4>\n<p>Wenn Sie sich registrieren m\u00f6chten, <strong>m\u00fcssen Sie im Besitz eines EU-Reisepasses sein<\/strong>. Ohne einen EU-Pass k\u00f6nnen wir Ihre Registrierung nicht ber\u00fccksichtigen.<\/p>\n<div class=\"forminator-ui forminator-custom-form forminator-custom-form-8266 forminator-design--material forminator-enclosed forminator_ajax\" data-forminator-render=\"0\" data-form=\"forminator-module-8266\" data-uid=\"69d72798a4c67\"><br\/><\/div><form\n\t\t\t\tid=\"forminator-module-8266\"\n\t\t\t\tclass=\"forminator-ui forminator-custom-form forminator-custom-form-8266 forminator-design--material forminator-enclosed forminator_ajax\"\n\t\t\t\tmethod=\"post\"\n\t\t\t\tdata-forminator-render=\"0\"\n\t\t\t\tdata-form-id=\"8266\"\n\t\t\t\tenctype=\"multipart\/form-data\" data-color-option=\"theme\" data-design=\"material\" data-grid=\"enclosed\" style=\"display: none;\"\n\t\t\t\tdata-uid=\"69d72798a4c67\"\n\t\t\t><div role=\"alert\" aria-live=\"polite\" class=\"forminator-response-message forminator-error\" aria-hidden=\"true\"><\/div><div class=\"forminator-row\"><div id=\"name-1\" class=\"forminator-field-name forminator-col forminator-col-12 \"><div class=\"forminator-row forminator-no-margin\" data-multiple=\"true\"><div class=\"forminator-col forminator-col-md-6\"><div class=\"forminator-field\"><label for=\"forminator-field-first-name-1_69d72798a4c67\" id=\"forminator-field-first-name-1_69d72798a4c67-label\" class=\"forminator-label\">Vornamen <span class=\"forminator-required\">*<\/span><\/label><input type=\"text\" name=\"name-1-first-name\" placeholder=\"\" id=\"forminator-field-first-name-1_69d72798a4c67\" class=\"forminator-input\" aria-required=\"true\" data-multi=\"1\" autocomplete=\"given-name\" value=\"\" \/><\/div><\/div><div class=\"forminator-col forminator-col-md-6\"><div class=\"forminator-field\"><label for=\"forminator-field-last-name-1_69d72798a4c67\" id=\"forminator-field-last-name-1_69d72798a4c67-label\" class=\"forminator-label\">Nachname <span class=\"forminator-required\">*<\/span><\/label><input type=\"text\" name=\"name-1-last-name\" placeholder=\"\" id=\"forminator-field-last-name-1_69d72798a4c67\" class=\"forminator-input\" aria-required=\"true\" data-multi=\"1\" autocomplete=\"family-name\" value=\"\" \/><\/div><\/div><\/div><\/div><\/div><div class=\"forminator-row\"><div id=\"email-1\" class=\"forminator-field-email forminator-col forminator-col-6 \"><div class=\"forminator-field\"><label for=\"forminator-field-email-1_69d72798a4c67\" id=\"forminator-field-email-1_69d72798a4c67-label\" class=\"forminator-label\">E-Mail Adresse <span class=\"forminator-required\">*<\/span><\/label><input type=\"email\" name=\"email-1\" value=\"\" placeholder=\"\" id=\"forminator-field-email-1_69d72798a4c67\" class=\"forminator-input forminator-email--field\" data-required=\"1\" aria-required=\"true\" autocomplete=\"email\" \/><\/div><\/div><div id=\"phone-1\" class=\"forminator-field-phone forminator-col forminator-col-6 \"><div class=\"forminator-field\"><label for=\"forminator-field-phone-1_69d72798a4c67\" id=\"forminator-field-phone-1_69d72798a4c67-label\" class=\"forminator-label\">Telefon <span class=\"forminator-required\">*<\/span><\/label><input type=\"text\" name=\"phone-1\" value=\"\" placeholder=\"\" id=\"forminator-field-phone-1_69d72798a4c67\" class=\"forminator-input forminator-field--phone\" data-required=\"1\" aria-required=\"true\" autocomplete=\"off\" data-national_mode=\"disabled\" data-country=\"ch\" data-validation=\"international\" \/><\/div><\/div><\/div><div class=\"forminator-row\"><div id=\"text-1\" class=\"forminator-field-text forminator-col forminator-col-12 \"><div class=\"forminator-field\"><label for=\"forminator-field-text-1_69d72798a4c67\" id=\"forminator-field-text-1_69d72798a4c67-label\" class=\"forminator-label\">Ihr Fachgebiet <span class=\"forminator-required\">*<\/span><\/label><input type=\"text\" name=\"text-1\" value=\"\" placeholder=\"\" id=\"forminator-field-text-1_69d72798a4c67\" class=\"forminator-input forminator-name--field\" data-required=\"1\" \/><\/div><\/div><\/div><div class=\"forminator-row\"><div id=\"checkbox-1\" class=\"forminator-field-checkbox forminator-col forminator-col-12 \"><div role=\"group\" class=\"forminator-field\" aria-labelledby=\"forminator-checkbox-group-forminator-field-checkbox-1-69d72798a4c67-label\"><span id=\"forminator-checkbox-group-forminator-field-checkbox-1-69d72798a4c67-label\" class=\"forminator-label\">Interesse (mehrere m\u00f6glich)<\/span><label id=\"forminator-field-checkbox-1-1-69d72798a4c67-label\" for=\"forminator-field-checkbox-1-1-69d72798a4c67\" class=\"forminator-checkbox forminator-checkbox-inline\" title=\"Niederlande\"><input type=\"checkbox\" name=\"checkbox-1[]\" value=\"one\" id=\"forminator-field-checkbox-1-1-69d72798a4c67\" aria-labelledby=\"forminator-field-checkbox-1-1-69d72798a4c67-label\" data-calculation=\"0\"   data-hidden-behavior=\"zero\"\/><span class=\"forminator-checkbox-box\" aria-hidden=\"true\"><\/span><span class=\"forminator-checkbox-label\">Niederlande<\/span><\/label><label id=\"forminator-field-checkbox-1-2-69d72798a4c67-label\" for=\"forminator-field-checkbox-1-2-69d72798a4c67\" class=\"forminator-checkbox forminator-checkbox-inline\" title=\"Schweiz\"><input type=\"checkbox\" name=\"checkbox-1[]\" value=\"two\" id=\"forminator-field-checkbox-1-2-69d72798a4c67\" aria-labelledby=\"forminator-field-checkbox-1-2-69d72798a4c67-label\" data-calculation=\"0\"   data-hidden-behavior=\"zero\"\/><span class=\"forminator-checkbox-box\" aria-hidden=\"true\"><\/span><span class=\"forminator-checkbox-label\">Schweiz<\/span><\/label><label id=\"forminator-field-checkbox-1-3-69d72798a4c67-label\" for=\"forminator-field-checkbox-1-3-69d72798a4c67\" class=\"forminator-checkbox forminator-checkbox-inline\" title=\"Andere\/anderes Land\"><input type=\"checkbox\" name=\"checkbox-1[]\" value=\"Zzp\" id=\"forminator-field-checkbox-1-3-69d72798a4c67\" aria-labelledby=\"forminator-field-checkbox-1-3-69d72798a4c67-label\" data-calculation=\"0\"   data-hidden-behavior=\"zero\"\/><span class=\"forminator-checkbox-box\" aria-hidden=\"true\"><\/span><span class=\"forminator-checkbox-label\">Andere\/anderes Land<\/span><\/label><\/div><\/div><\/div><div class=\"forminator-row\"><div id=\"upload-1\" class=\"forminator-field-upload forminator-col forminator-col-12 \"><div class=\"forminator-field\"><label for=\"forminator-field-upload-1_69d72798a4c67\" id=\"forminator-field-upload-1_69d72798a4c67-label\" class=\"forminator-label\">Laden Sie Ihren Lebenslauf hoch<\/label><div class=\"forminator-file-upload \" data-element=\"upload-1_69d72798a4c67\"><input type=\"file\" name=\"upload-1\" id=\"forminator-field-upload-1_69d72798a4c67\" class=\"forminator-input-file\" accept=\".jpg,.jpeg,.jpe,.gif,.png,.bmp,.tiff,.tif,.webp,.avif,.ico,.heic,.heif,.heics,.heifs,.asf,.asx,.wmv,.wmx,.wm,.avi,.divx,.flv,.mov,.qt,.mpeg,.mpg,.mpe,.mp4,.m4v,.ogv,.webm,.mkv,.3gp,.3gpp,.3g2,.3gp2,.txt,.asc,.c,.cc,.h,.srt,.csv,.tsv,.ics,.rtx,.vtt,.mp3,.m4a,.m4b,.aac,.ra,.ram,.wav,.ogg,.oga,.flac,.mid,.midi,.wma,.wax,.mka,.rtf,.pdf,.class,.tar,.zip,.gz,.gzip,.7z,.psd,.xcf,.doc,.pot,.pps,.ppt,.wri,.xla,.xls,.xlt,.xlw,.mdb,.mpp,.docx,.docm,.dotx,.dotm,.xlsx,.xlsm,.xlsb,.xltx,.xltm,.xlam,.pptx,.pptm,.ppsx,.ppsm,.potx,.potm,.ppam,.sldx,.sldm,.onetoc,.onetoc2,.onetmp,.onepkg,.oxps,.xps,.odt,.odp,.ods,.odg,.odc,.odb,.odf,.wp,.wpd,.key,.numbers,.pages\" tabindex=\"-1\"><button id=\"forminator-field-upload-1_69d72798a4c67_button\" class=\"forminator-button forminator-button-upload\" data-id=\"forminator-field-upload-1_69d72798a4c67\">Datei ausw\u00e4hlen<\/button><span data-empty-text=\"Keine Datei ausgew\u00e4hlt\">Keine Datei ausgew\u00e4hlt<\/span><button class=\"forminator-button-delete\" style=\"display: none;\"><i class=\"forminator-icon-close\" aria-hidden=\"true\"><\/i><span class=\"forminator-screen-reader-only\">Hochgeladene Datei l\u00f6schen<\/span><\/button><\/div><\/div><\/div><\/div><div class=\"forminator-row\"><div id=\"textarea-1\" class=\"forminator-field-textarea forminator-col forminator-col-12 \"><div class=\"forminator-field\"><label for=\"forminator-field-textarea-1_69d72798a4c67\" id=\"forminator-field-textarea-1_69d72798a4c67-label\" class=\"forminator-label\">Motivation und andere Informationen<\/label><textarea name=\"textarea-1\" placeholder=\"\" id=\"forminator-field-textarea-1_69d72798a4c67\" class=\"forminator-textarea\" rows=\"6\" style=\"min-height:140px;\" ><\/textarea><\/div><\/div><\/div><div class=\"forminator-row\"><div id=\"checkbox-2\" class=\"forminator-field-checkbox forminator-col forminator-col-12 \"><div role=\"group\" class=\"forminator-field required\" aria-labelledby=\"forminator-checkbox-group-forminator-field-checkbox-2-69d72798a4c67-label\"><label id=\"forminator-field-checkbox-2-1-69d72798a4c67-label\" for=\"forminator-field-checkbox-2-1-69d72798a4c67\" class=\"forminator-checkbox\" title=\"Ja, ich besitze einen EU-Reisepass*\"><input type=\"checkbox\" name=\"checkbox-2[]\" value=\"one\" id=\"forminator-field-checkbox-2-1-69d72798a4c67\" aria-labelledby=\"forminator-field-checkbox-2-1-69d72798a4c67-label\" data-calculation=\"0\"   data-hidden-behavior=\"zero\"\/><span class=\"forminator-checkbox-box\" aria-hidden=\"true\"><\/span><span class=\"forminator-checkbox-label\">Ja, ich besitze einen EU-Reisepass*<\/span><\/label><\/div><\/div><\/div><div class=\"forminator-row\"><div id=\"consent-1\" class=\"forminator-field-consent forminator-col forminator-col-12 \"><div class=\"forminator-field\"><div class=\"forminator-checkbox__wrapper\"><label id=\"forminator-field-consent-1_69d72798a4c67__label\" class=\"forminator-checkbox forminator-consent\" aria-labelledby=\"forminator-field-consent-1_69d72798a4c67-label\"><input type=\"checkbox\" name=\"consent-1\" id=\"forminator-field-consent-1_69d72798a4c67\" value=\"checked\" aria-labelledby=\"forminator-field-consent-1_69d72798a4c67-label\" aria-describedby=\"forminator-field-consent-1_69d72798a4c67__description\" data-required=\"true\" aria-required=\"true\" \/><span class=\"forminator-checkbox-box\" aria-hidden=\"true\"><\/span><\/label><div id=\"forminator-field-consent-1_69d72798a4c67__description\" class=\"forminator-checkbox__label forminator-consent__label\"><p>Ich stimme den <a href=\"https:\/\/korint.eu\/de\/datenschutzerklarung\/\">Datenschutzerkl\u00e4rung<\/a>&nbsp;von Korint\u00ae zu.<\/p><\/div><\/div><\/div><\/div><\/div><input type=\"hidden\" name=\"referer_url\" value=\"\" \/><div class=\"forminator-row forminator-row-last\"><div class=\"forminator-col\"><div class=\"forminator-field\"><button class=\"forminator-button forminator-button-submit\"><span>Senden<\/span><span aria-hidden=\"true\"><\/span><\/button><\/div><\/div><\/div><input type=\"hidden\" id=\"forminator_nonce\" name=\"forminator_nonce\" value=\"0b9e205783\" \/><input type=\"hidden\" name=\"_wp_http_referer\" value=\"\/de\/wp-json\/wp\/v2\/pages\/6868\" \/><input type=\"hidden\" name=\"form_id\" value=\"8266\"><input type=\"hidden\" name=\"page_id\" value=\"6868\"><input type=\"hidden\" name=\"form_type\" value=\"default\"><input type=\"hidden\" name=\"current_url\" value=\"https:\/\/korint.eu\/de\/initiativbewerbung\/\"><input type=\"hidden\" name=\"render_id\" value=\"0\"><input type=\"hidden\" name=\"action\" value=\"forminator_submit_form_custom-forms\"><\/form>\n<p>[\/et_pb_text][\/et_pb_column][\/et_pb_row][\/et_pb_section][et_pb_section fb_built=&#8220;1&#8243; _builder_version=&#8220;4.27.4&#8243; _module_preset=&#8220;default&#8220; locked=&#8220;off&#8220; global_colors_info=&#8220;{}&#8220;][et_pb_row column_structure=&#8220;1_2,1_2&#8243; make_equal=&#8220;on&#8220; _builder_version=&#8220;4.27.4&#8243; _module_preset=&#8220;9a22613d-4a4d-40c1-b9c6-9591b07faf49&#8243; global_colors_info=&#8220;{}&#8220;][et_pb_column type=&#8220;1_2&#8243; _builder_version=&#8220;4.27.4&#8243; _module_preset=&#8220;default&#8220; background_image=&#8220;https:\/\/korint.eu\/wp-content\/uploads\/2025\/02\/Anesthesiemedewerker-Detacheren-1.jpg&#8220; global_colors_info=&#8220;{}&#8220;][et_pb_divider show_divider=&#8220;off&#8220; _builder_version=&#8220;4.27.4&#8243; _module_preset=&#8220;default&#8220; height=&#8220;200px&#8220; global_colors_info=&#8220;{}&#8220;][\/et_pb_divider][\/et_pb_column][et_pb_column type=&#8220;1_2&#8243; _builder_version=&#8220;4.27.4&#8243; _module_preset=&#8220;default&#8220; background_enable_color=&#8220;off&#8220; custom_padding=&#8220;5%|2.5%|5%|2.5%|true|true&#8220; custom_padding_tablet=&#8220;0px|0px|0px|0px|true|true&#8220; custom_padding_phone=&#8220;0px|0px|0px|0px|true|true&#8220; custom_padding_last_edited=&#8220;on|phone&#8220; global_colors_info=&#8220;{}&#8220;][et_pb_text _builder_version=&#8220;4.27.4&#8243; _module_preset=&#8220;default&#8220; locked=&#8220;off&#8220; global_colors_info=&#8220;{}&#8220;]<\/p>\n<h2>Wir suchen den perfekten Partner<\/h2>\n<p>Bei uns finden Sie garantiert einen Arbeitsplatz, der wirklich zu Ihnen passt. Und sind Sie unerwartet nicht mehr ganz zu Hause? Dann werden wir immer mit Ihnen \u00fcber andere M\u00f6glichkeiten in den Niederlanden oder im Ausland sprechen! Das ist ein Versprechen.   <\/p>\n<p>[\/et_pb_text][et_pb_blurb use_icon=&#8220;on&#8220; font_icon=&#8220;&#x4e;||divi||400&#8243; _builder_version=&#8220;4.27.4&#8243; _module_preset=&#8220;e63238f7-bc6b-4eb1-b236-ac7a0af41f5e&#8220; locked=&#8220;off&#8220; global_colors_info=&#8220;{}&#8220;]<\/p>\n<p class=\"p1\">Flexibilit\u00e4t und Abwechslung in Ihrer Karriere<\/p>\n<p>[\/et_pb_blurb][et_pb_blurb use_icon=&#8220;on&#8220; font_icon=&#8220;&#x4e;||divi||400&#8243; _builder_version=&#8220;4.27.4&#8243; _module_preset=&#8220;e63238f7-bc6b-4eb1-b236-ac7a0af41f5e&#8220; locked=&#8220;off&#8220; global_colors_info=&#8220;{}&#8220;]<\/p>\n<p class=\"p1\">Pers\u00f6nliche Unterst\u00fctzung bei jedem Schritt auf dem Weg, national und international<\/p>\n<p>[\/et_pb_blurb][et_pb_blurb use_icon=&#8220;on&#8220; font_icon=&#8220;&#x4e;||divi||400&#8243; _builder_version=&#8220;4.27.4&#8243; _module_preset=&#8220;e63238f7-bc6b-4eb1-b236-ac7a0af41f5e&#8220; locked=&#8220;off&#8220; global_colors_info=&#8220;{}&#8220;]<\/p>\n<p class=\"p1\">Wir f\u00f6rdern berufliches Wachstum und Entwicklung<\/p>\n<p>[\/et_pb_blurb][et_pb_blurb use_icon=&#8220;on&#8220; font_icon=&#8220;&#x4e;||divi||400&#8243; _builder_version=&#8220;4.27.4&#8243; _module_preset=&#8220;e63238f7-bc6b-4eb1-b236-ac7a0af41f5e&#8220; locked=&#8220;off&#8220; global_colors_info=&#8220;{}&#8220;]<\/p>\n<p class=\"p1\">Ein zuverl\u00e4ssiges Netzwerk im Gesundheitswesen<\/p>\n<p>[\/et_pb_blurb][et_pb_button button_url=&#8220;@ET-DC@eyJkeW5hbWljIjp0cnVlLCJjb250ZW50IjoicG9zdF9saW5rX3VybF9wYWdlIiwic2V0dGluZ3MiOnsicG9zdF9pZCI6IjY4In19@&#8220; button_text=&#8220;Unsere Geschichte &#038; Team&#8220; _builder_version=&#8220;4.27.4&#8243; _dynamic_attributes=&#8220;button_url&#8220; _module_preset=&#8220;_initial&#8220; locked=&#8220;off&#8220; global_colors_info=&#8220;{}&#8220;][\/et_pb_button][\/et_pb_column][\/et_pb_row][\/et_pb_section]<\/p>\n","protected":false},"excerpt":{"rendered":"<p>Machen Sie den ersten Schritt und registrieren Sie sich! Ganz gleich, ob Sie \u00fcber eine Abordnung, als Bereitschaftsdienst oder Freiberufler in den Niederlanden im Gesundheitswesen arbeiten m\u00f6chten oder ob Sie sich auf ein Abenteuer im Ausland einlassen wollen. Wir k\u00fcmmern uns um Ihre Tr\u00e4ume und W\u00fcnsche. Heute, morgen und \u00fcbermorgen.Registrieren Wenn Sie sich registrieren m\u00f6chten, [&hellip;]<\/p>\n","protected":false},"author":1,"featured_media":0,"parent":0,"menu_order":99,"comment_status":"closed","ping_status":"closed","template":"","meta":{"_et_pb_use_builder":"on","_et_pb_old_content":"","_et_gb_content_width":"","footnotes":""},"class_list":["post-6868","page","type-page","status-publish","hentry"],"yoast_head":"<!-- This site is optimized with the Yoast SEO plugin v27.3 - https:\/\/yoast.com\/product\/yoast-seo-wordpress\/ -->\n<title>Initiativbewerbung - Korint\u00ae<\/title>\n<meta name=\"robots\" content=\"index, follow, max-snippet:-1, max-image-preview:large, max-video-preview:-1\" \/>\n<link rel=\"canonical\" href=\"https:\/\/korint.eu\/de\/initiativbewerbung\/\" \/>\n<meta property=\"og:locale\" content=\"de_DE\" \/>\n<meta property=\"og:type\" content=\"article\" \/>\n<meta property=\"og:title\" content=\"Initiativbewerbung - Korint\u00ae\" \/>\n<meta property=\"og:description\" content=\"Machen Sie den ersten Schritt und registrieren Sie sich! Ganz gleich, ob Sie \u00fcber eine Abordnung, als Bereitschaftsdienst oder Freiberufler in den Niederlanden im Gesundheitswesen arbeiten m\u00f6chten oder ob Sie sich auf ein Abenteuer im Ausland einlassen wollen. Wir k\u00fcmmern uns um Ihre Tr\u00e4ume und W\u00fcnsche. Heute, morgen und \u00fcbermorgen.Registrieren Wenn Sie sich registrieren m\u00f6chten, [&hellip;]\" \/>\n<meta property=\"og:url\" content=\"https:\/\/korint.eu\/de\/initiativbewerbung\/\" \/>\n<meta property=\"og:site_name\" content=\"Korint\u00ae\" \/>\n<meta property=\"article:publisher\" content=\"https:\/\/www.facebook.com\/korintnederland\/\" \/>\n<meta property=\"article:modified_time\" content=\"2025-07-15T11:14:48+00:00\" \/>\n<meta name=\"twitter:card\" content=\"summary_large_image\" \/>\n<meta name=\"twitter:label1\" content=\"Gesch\u00e4tzte Lesezeit\" \/>\n\t<meta name=\"twitter:data1\" content=\"1\u00a0Minute\" \/>\n<script type=\"application\/ld+json\" class=\"yoast-schema-graph\">{\"@context\":\"https:\\\/\\\/schema.org\",\"@graph\":[{\"@type\":\"WebPage\",\"@id\":\"https:\\\/\\\/korint.eu\\\/de\\\/initiativbewerbung\\\/\",\"url\":\"https:\\\/\\\/korint.eu\\\/de\\\/initiativbewerbung\\\/\",\"name\":\"Initiativbewerbung - Korint\u00ae\",\"isPartOf\":{\"@id\":\"https:\\\/\\\/korint.eu\\\/de\\\/#website\"},\"datePublished\":\"2024-11-13T07:41:00+00:00\",\"dateModified\":\"2025-07-15T11:14:48+00:00\",\"breadcrumb\":{\"@id\":\"https:\\\/\\\/korint.eu\\\/de\\\/initiativbewerbung\\\/#breadcrumb\"},\"inLanguage\":\"de\",\"potentialAction\":[{\"@type\":\"ReadAction\",\"target\":[\"https:\\\/\\\/korint.eu\\\/de\\\/initiativbewerbung\\\/\"]}]},{\"@type\":\"BreadcrumbList\",\"@id\":\"https:\\\/\\\/korint.eu\\\/de\\\/initiativbewerbung\\\/#breadcrumb\",\"itemListElement\":[{\"@type\":\"ListItem\",\"position\":1,\"name\":\"Home\",\"item\":\"https:\\\/\\\/korint.eu\\\/de\\\/\"},{\"@type\":\"ListItem\",\"position\":2,\"name\":\"Initiativbewerbung\"}]},{\"@type\":\"WebSite\",\"@id\":\"https:\\\/\\\/korint.eu\\\/de\\\/#website\",\"url\":\"https:\\\/\\\/korint.eu\\\/de\\\/\",\"name\":\"Korint\u00ae\",\"description\":\"Flexibele carri\u00e8re mogelijkheden voor zorgprofessionals\",\"publisher\":{\"@id\":\"https:\\\/\\\/korint.eu\\\/de\\\/#organization\"},\"potentialAction\":[{\"@type\":\"SearchAction\",\"target\":{\"@type\":\"EntryPoint\",\"urlTemplate\":\"https:\\\/\\\/korint.eu\\\/de\\\/?s={search_term_string}\"},\"query-input\":{\"@type\":\"PropertyValueSpecification\",\"valueRequired\":true,\"valueName\":\"search_term_string\"}}],\"inLanguage\":\"de\"},{\"@type\":\"Organization\",\"@id\":\"https:\\\/\\\/korint.eu\\\/de\\\/#organization\",\"name\":\"Korint\u00ae\",\"url\":\"https:\\\/\\\/korint.eu\\\/de\\\/\",\"logo\":{\"@type\":\"ImageObject\",\"inLanguage\":\"de\",\"@id\":\"https:\\\/\\\/korint.eu\\\/de\\\/#\\\/schema\\\/logo\\\/image\\\/\",\"url\":\"https:\\\/\\\/korint.eu\\\/wp-content\\\/uploads\\\/2025\\\/01\\\/Vacature-icon-korint\u00ae.jpg\",\"contentUrl\":\"https:\\\/\\\/korint.eu\\\/wp-content\\\/uploads\\\/2025\\\/01\\\/Vacature-icon-korint\u00ae.jpg\",\"width\":1000,\"height\":1000,\"caption\":\"Korint\u00ae\"},\"image\":{\"@id\":\"https:\\\/\\\/korint.eu\\\/de\\\/#\\\/schema\\\/logo\\\/image\\\/\"},\"sameAs\":[\"https:\\\/\\\/www.facebook.com\\\/korintnederland\\\/\",\"https:\\\/\\\/www.instagram.com\\\/korint_nederland\\\/\",\"https:\\\/\\\/www.linkedin.com\\\/company\\\/korint-medical-recruitment\\\/\"]}]}<\/script>\n<!-- \/ Yoast SEO plugin. -->","yoast_head_json":{"title":"Initiativbewerbung - Korint\u00ae","robots":{"index":"index","follow":"follow","max-snippet":"max-snippet:-1","max-image-preview":"max-image-preview:large","max-video-preview":"max-video-preview:-1"},"canonical":"https:\/\/korint.eu\/de\/initiativbewerbung\/","og_locale":"de_DE","og_type":"article","og_title":"Initiativbewerbung - Korint\u00ae","og_description":"Machen Sie den ersten Schritt und registrieren Sie sich! Ganz gleich, ob Sie \u00fcber eine Abordnung, als Bereitschaftsdienst oder Freiberufler in den Niederlanden im Gesundheitswesen arbeiten m\u00f6chten oder ob Sie sich auf ein Abenteuer im Ausland einlassen wollen. Wir k\u00fcmmern uns um Ihre Tr\u00e4ume und W\u00fcnsche. Heute, morgen und \u00fcbermorgen.Registrieren Wenn Sie sich registrieren m\u00f6chten, [&hellip;]","og_url":"https:\/\/korint.eu\/de\/initiativbewerbung\/","og_site_name":"Korint\u00ae","article_publisher":"https:\/\/www.facebook.com\/korintnederland\/","article_modified_time":"2025-07-15T11:14:48+00:00","twitter_card":"summary_large_image","twitter_misc":{"Gesch\u00e4tzte Lesezeit":"1\u00a0Minute"},"schema":{"@context":"https:\/\/schema.org","@graph":[{"@type":"WebPage","@id":"https:\/\/korint.eu\/de\/initiativbewerbung\/","url":"https:\/\/korint.eu\/de\/initiativbewerbung\/","name":"Initiativbewerbung - Korint\u00ae","isPartOf":{"@id":"https:\/\/korint.eu\/de\/#website"},"datePublished":"2024-11-13T07:41:00+00:00","dateModified":"2025-07-15T11:14:48+00:00","breadcrumb":{"@id":"https:\/\/korint.eu\/de\/initiativbewerbung\/#breadcrumb"},"inLanguage":"de","potentialAction":[{"@type":"ReadAction","target":["https:\/\/korint.eu\/de\/initiativbewerbung\/"]}]},{"@type":"BreadcrumbList","@id":"https:\/\/korint.eu\/de\/initiativbewerbung\/#breadcrumb","itemListElement":[{"@type":"ListItem","position":1,"name":"Home","item":"https:\/\/korint.eu\/de\/"},{"@type":"ListItem","position":2,"name":"Initiativbewerbung"}]},{"@type":"WebSite","@id":"https:\/\/korint.eu\/de\/#website","url":"https:\/\/korint.eu\/de\/","name":"Korint\u00ae","description":"Flexibele carri\u00e8re mogelijkheden voor zorgprofessionals","publisher":{"@id":"https:\/\/korint.eu\/de\/#organization"},"potentialAction":[{"@type":"SearchAction","target":{"@type":"EntryPoint","urlTemplate":"https:\/\/korint.eu\/de\/?s={search_term_string}"},"query-input":{"@type":"PropertyValueSpecification","valueRequired":true,"valueName":"search_term_string"}}],"inLanguage":"de"},{"@type":"Organization","@id":"https:\/\/korint.eu\/de\/#organization","name":"Korint\u00ae","url":"https:\/\/korint.eu\/de\/","logo":{"@type":"ImageObject","inLanguage":"de","@id":"https:\/\/korint.eu\/de\/#\/schema\/logo\/image\/","url":"https:\/\/korint.eu\/wp-content\/uploads\/2025\/01\/Vacature-icon-korint\u00ae.jpg","contentUrl":"https:\/\/korint.eu\/wp-content\/uploads\/2025\/01\/Vacature-icon-korint\u00ae.jpg","width":1000,"height":1000,"caption":"Korint\u00ae"},"image":{"@id":"https:\/\/korint.eu\/de\/#\/schema\/logo\/image\/"},"sameAs":["https:\/\/www.facebook.com\/korintnederland\/","https:\/\/www.instagram.com\/korint_nederland\/","https:\/\/www.linkedin.com\/company\/korint-medical-recruitment\/"]}]}},"_links":{"self":[{"href":"https:\/\/korint.eu\/de\/wp-json\/wp\/v2\/pages\/6868","targetHints":{"allow":["GET"]}}],"collection":[{"href":"https:\/\/korint.eu\/de\/wp-json\/wp\/v2\/pages"}],"about":[{"href":"https:\/\/korint.eu\/de\/wp-json\/wp\/v2\/types\/page"}],"author":[{"embeddable":true,"href":"https:\/\/korint.eu\/de\/wp-json\/wp\/v2\/users\/1"}],"replies":[{"embeddable":true,"href":"https:\/\/korint.eu\/de\/wp-json\/wp\/v2\/comments?post=6868"}],"version-history":[{"count":4,"href":"https:\/\/korint.eu\/de\/wp-json\/wp\/v2\/pages\/6868\/revisions"}],"predecessor-version":[{"id":8923,"href":"https:\/\/korint.eu\/de\/wp-json\/wp\/v2\/pages\/6868\/revisions\/8923"}],"wp:attachment":[{"href":"https:\/\/korint.eu\/de\/wp-json\/wp\/v2\/media?parent=6868"}],"curies":[{"name":"wp","href":"https:\/\/api.w.org\/{rel}","templated":true}]}}