{"id":6858,"date":"2024-10-29T11:36:53","date_gmt":"2024-10-29T10:36:53","guid":{"rendered":"https:\/\/korint.eu\/kontakt\/"},"modified":"2026-02-24T11:16:03","modified_gmt":"2026-02-24T10:16:03","slug":"kontakt","status":"publish","type":"page","link":"https:\/\/korint.eu\/de\/kontakt\/","title":{"rendered":"Kontakt"},"content":{"rendered":"<p>[et_pb_section fb_built=&#8220;1&#8243; _builder_version=&#8220;4.27.4&#8243; _module_preset=&#8220;default&#8220; background_color=&#8220;#0A363C&#8220; custom_padding=&#8220;0px||||false|false&#8220; saved_tabs=&#8220;all&#8220; locked=&#8220;off&#8220; global_colors_info=&#8220;{}&#8220;][et_pb_row _builder_version=&#8220;4.27.4&#8243; _module_preset=&#8220;default&#8220; custom_padding=&#8220;0px||||false|false&#8220; global_colors_info=&#8220;{}&#8220;][et_pb_column type=&#8220;4_4&#8243; _builder_version=&#8220;4.27.4&#8243; _module_preset=&#8220;default&#8220; global_colors_info=&#8220;{}&#8220;][et_pb_text _builder_version=&#8220;4.27.4&#8243; _module_preset=&#8220;default&#8220; text_font=&#8220;||||||||&#8220; text_font_size=&#8220;14px&#8220; link_font=&#8220;||||||||&#8220; link_text_color=&#8220;rgba(255,255,255,0.5)&#8220; background_layout=&#8220;dark&#8220; border_width_bottom=&#8220;1px&#8220; border_color_bottom=&#8220;rgba(98,145,125,0.15)&#8220; locked=&#8220;off&#8220; global_colors_info=&#8220;{}&#8220;]<\/p>\n<span><span><a href=\"https:\/\/korint.eu\/de\/\">Home<\/a><\/span><\/span>\n<p>[\/et_pb_text][\/et_pb_column][\/et_pb_row][et_pb_row _builder_version=&#8220;4.27.2&#8243; _module_preset=&#8220;default&#8220; global_colors_info=&#8220;{}&#8220;][et_pb_column type=&#8220;4_4&#8243; _builder_version=&#8220;4.27.2&#8243; _module_preset=&#8220;default&#8220; global_colors_info=&#8220;{}&#8220;][et_pb_text _builder_version=&#8220;4.27.4&#8243; _module_preset=&#8220;default&#8220; background_layout=&#8220;dark&#8220; locked=&#8220;off&#8220; global_colors_info=&#8220;{}&#8220;]<\/p>\n<h1>Kontaktieren Sie uns<\/h1>\n<p>Wir sind f\u00fcr Sie da. Heute, morgen und \u00fcbermorgen.<\/p>\n<p>[\/et_pb_text][\/et_pb_column][\/et_pb_row][\/et_pb_section][et_pb_section fb_built=&#8220;1&#8243; _builder_version=&#8220;4.27.2&#8243; _module_preset=&#8220;default&#8220; locked=&#8220;off&#8220; global_colors_info=&#8220;{}&#8220;][et_pb_row column_structure=&#8220;1_2,1_2&#8243; _builder_version=&#8220;4.27.2&#8243; _module_preset=&#8220;default&#8220; global_colors_info=&#8220;{}&#8220;][et_pb_column type=&#8220;1_2&#8243; _builder_version=&#8220;4.27.2&#8243; _module_preset=&#8220;default&#8220; global_colors_info=&#8220;{}&#8220;][et_pb_blurb title=&#8220;E-Mail&#8220; url=&#8220;mailto:info@korint.eu&#8220; use_icon=&#8220;on&#8220; font_icon=&#8220;&#xf1d8;||fa||400&#8243; icon_color=&#8220;#CBDED7&#8243; image_icon_width=&#8220;26px&#8220; _builder_version=&#8220;4.27.4&#8243; _module_preset=&#8220;default&#8220; header_font_size=&#8220;32px&#8220; background_color=&#8220;#EFF8F5&#8243; text_orientation=&#8220;center&#8220; custom_padding=&#8220;30px|30px|30px|30px|true|true&#8220; link_option_url=&#8220;mailto:info@korint.eu&#8220; border_radii=&#8220;on|10px|10px|10px|10px&#8220; border_width_all=&#8220;1px&#8220; border_color_all=&#8220;#CBDED7&#8243; locked=&#8220;off&#8220; global_colors_info=&#8220;{}&#8220;]<\/p>\n<p>info@korint.eu<\/p>\n<p>[\/et_pb_blurb][\/et_pb_column][et_pb_column type=&#8220;1_2&#8243; _builder_version=&#8220;4.27.2&#8243; _module_preset=&#8220;default&#8220; global_colors_info=&#8220;{}&#8220;][et_pb_blurb title=&#8220;Rufen Sie uns an&#8220; url=&#8220;tel:00491602232798&#8243; use_icon=&#8220;on&#8220; font_icon=&#8220;&#xf58f;||fa||900&#8243; icon_color=&#8220;#CBDED7&#8243; image_icon_width=&#8220;26px&#8220; _builder_version=&#8220;4.27.5&#8243; _module_preset=&#8220;default&#8220; header_font_size=&#8220;32px&#8220; background_color=&#8220;#EFF8F5&#8243; text_orientation=&#8220;center&#8220; custom_padding=&#8220;30px|30px|30px|30px|true|true&#8220; link_option_url=&#8220;tel:00491602232798&#8243; hover_enabled=&#8220;0&#8243; border_radii=&#8220;on|10px|10px|10px|10px&#8220; border_width_all=&#8220;1px&#8220; border_color_all=&#8220;#CBDED7&#8243; locked=&#8220;off&#8220; global_colors_info=&#8220;{}&#8220; sticky_enabled=&#8220;0&#8243;]<\/p>\n<p>+41 (0) 41 740 61 20<\/p>\n<p>[\/et_pb_blurb][\/et_pb_column][\/et_pb_row][et_pb_row _builder_version=&#8220;4.27.2&#8243; _module_preset=&#8220;default&#8220; global_colors_info=&#8220;{}&#8220;][et_pb_column type=&#8220;4_4&#8243; _builder_version=&#8220;4.27.2&#8243; _module_preset=&#8220;default&#8220; global_colors_info=&#8220;{}&#8220;][et_pb_text _builder_version=&#8220;4.27.2&#8243; _module_preset=&#8220;default&#8220; locked=&#8220;off&#8220; global_colors_info=&#8220;{}&#8220;]<\/p>\n<h2>Unsere B\u00fcros<\/h2>\n<p>[\/et_pb_text][\/et_pb_column][\/et_pb_row][et_pb_row column_structure=&#8220;1_3,1_3,1_3&#8243; _builder_version=&#8220;4.27.4&#8243; _module_preset=&#8220;default&#8220; custom_padding=&#8220;0px|||||&#8220; global_colors_info=&#8220;{}&#8220;][et_pb_column type=&#8220;1_3&#8243; _builder_version=&#8220;4.27.2&#8243; _module_preset=&#8220;default&#8220; global_colors_info=&#8220;{}&#8220;][et_pb_image src=&#8220;https:\/\/korint.eu\/wp-content\/uploads\/2024\/11\/zug-plaatshouder.jpg&#8220; title_text=&#8220;zug Platzhalter&#8220; _builder_version=&#8220;4.27.4&#8243; _module_preset=&#8220;default&#8220; custom_css_after=&#8220;content:&#8217;Hauptsitz Schweiz \ud83c\udde8\ud83c\udded&#8216;;||display:block;||position:absolute;||right:0;||bottom:0;||background:#ffffff;||padding:16px 0 8px 10px;||font-size:14px;||border-top-left-radius:5px;&#8220; border_radii=&#8220;on|5px|5px|5px|5px&#8220; locked=&#8220;off&#8220; global_colors_info=&#8220;{}&#8220;][\/et_pb_image][et_pb_text _builder_version=&#8220;4.27.2&#8243; _module_preset=&#8220;default&#8220; locked=&#8220;off&#8220; global_colors_info=&#8220;{}&#8220;]<\/p>\n<h3>Zug<\/h3>\n<p>Grabenstrasse 32 CH6300, Zug Schweiz<\/p>\n<p>[\/et_pb_text][et_pb_blurb url=&#8220;mailto:info@koraal.ch&#8220; use_icon=&#8220;on&#8220; font_icon=&#8220;&#xf1d8;||fa||900&#8243; icon_color=&#8220;#31493F&#8220; icon_placement=&#8220;left&#8220; image_icon_width=&#8220;18px&#8220; _builder_version=&#8220;4.27.2&#8243; _module_preset=&#8220;default&#8220; body_line_height=&#8220;1em&#8220; custom_margin=&#8220;||20px||false|false&#8220; link_option_url=&#8220;mailto:info@koraal.ch&#8220; custom_css_blurb_image=&#8220;width:18px;&#8220; locked=&#8220;off&#8220; global_colors_info=&#8220;{}&#8220;]<\/p>\n<p>info@koraal.ch<\/p>\n<p>[\/et_pb_blurb][et_pb_blurb url=&#8220;tel:0041417406120&#8243; use_icon=&#8220;on&#8220; font_icon=&#8220;&#xe090;||divi||400&#8243; icon_color=&#8220;#31493F&#8220; icon_placement=&#8220;left&#8220; image_icon_width=&#8220;18px&#8220; _builder_version=&#8220;4.27.2&#8243; _module_preset=&#8220;default&#8220; body_line_height=&#8220;1em&#8220; link_option_url=&#8220;tel:0041417406120&#8243; custom_css_blurb_image=&#8220;width:18px;&#8220; locked=&#8220;off&#8220; global_colors_info=&#8220;{}&#8220;]<\/p>\n<p>+41 (0) 41 740 61 20<\/p>\n<p>[\/et_pb_blurb][\/et_pb_column][et_pb_column type=&#8220;1_3&#8243; _builder_version=&#8220;4.27.2&#8243; _module_preset=&#8220;default&#8220; global_colors_info=&#8220;{}&#8220;][et_pb_image src=&#8220;https:\/\/korint.eu\/wp-content\/uploads\/2024\/11\/tilburg-plaatshouder.jpg&#8220; title_text=&#8220;tilburg Platzhalter&#8220; _builder_version=&#8220;4.27.4&#8243; _module_preset=&#8220;default&#8220; custom_css_after=&#8220;content:&#8217;Hauptsitz Niederlanden \ud83c\uddf3\ud83c\uddf1&#8216;;||display:block;||position:absolute;||right:0;||bottom:0;||background:#ffffff;||padding:16px 0 8px 10px;||font-size:14px;||border-top-left-radius:5px;&#8220; border_radii=&#8220;on|5px|5px|5px|5px&#8220; global_colors_info=&#8220;{}&#8220;][\/et_pb_image][et_pb_text _builder_version=&#8220;4.27.2&#8243; _module_preset=&#8220;default&#8220; locked=&#8220;off&#8220; global_colors_info=&#8220;{}&#8220;]<\/p>\n<h3>Tilburg<\/h3>\n<p>Bredaseweg 204-11 5038NK Tilburg Niederlande<\/p>\n<p>[\/et_pb_text][et_pb_blurb url=&#8220;mailto:%20info@korint.nl&#8220; use_icon=&#8220;on&#8220; font_icon=&#8220;&#xf1d8;||fa||900&#8243; icon_color=&#8220;#31493F&#8220; icon_placement=&#8220;left&#8220; image_icon_width=&#8220;18px&#8220; _builder_version=&#8220;4.27.2&#8243; _module_preset=&#8220;default&#8220; body_line_height=&#8220;1em&#8220; custom_margin=&#8220;||20px||false|false&#8220; link_option_url=&#8220;mailto: info@korint.nl&#8220; custom_css_blurb_image=&#8220;width:18px;&#8220; global_colors_info=&#8220;{}&#8220;]<\/p>\n<p>info@korint.nl<\/p>\n<p>[\/et_pb_blurb][et_pb_blurb url=&#8220;tel:0031135821681&#8243; use_icon=&#8220;on&#8220; font_icon=&#8220;&#xe090;||divi||400&#8243; icon_color=&#8220;#31493F&#8220; icon_placement=&#8220;left&#8220; image_icon_width=&#8220;18px&#8220; _builder_version=&#8220;4.27.2&#8243; _module_preset=&#8220;default&#8220; body_line_height=&#8220;1em&#8220; link_option_url=&#8220;tel:0031135821681&#8243; custom_css_blurb_image=&#8220;width:18px;&#8220; global_colors_info=&#8220;{}&#8220;]<\/p>\n<p>+31 (0)13 582 16 81<\/p>\n<p>[\/et_pb_blurb][\/et_pb_column][et_pb_column type=&#8220;1_3&#8243; _builder_version=&#8220;4.27.2&#8243; _module_preset=&#8220;default&#8220; global_colors_info=&#8220;{}&#8220;][et_pb_image src=&#8220;https:\/\/korint.eu\/wp-content\/uploads\/2024\/11\/winterswijk-plaatshouder.jpg&#8220; title_text=&#8220;Winterswijk Platzhalter&#8220; _builder_version=&#8220;4.27.4&#8243; _module_preset=&#8220;default&#8220; custom_css_after=&#8220;content:&#8217;Hauptsitz Deutschland \ud83c\udde9\ud83c\uddea&#8216;;||display:block;||position:absolute;||right:0;||bottom:0;||background:#ffffff;||padding:16px 0 8px 10px;||font-size:14px;||border-top-left-radius:5px;&#8220; border_radii=&#8220;on|5px|5px|5px|5px&#8220; locked=&#8220;off&#8220; global_colors_info=&#8220;{}&#8220;][\/et_pb_image][et_pb_text _builder_version=&#8220;4.27.2&#8243; _module_preset=&#8220;default&#8220; locked=&#8220;off&#8220; global_colors_info=&#8220;{}&#8220;]<\/p>\n<h3>Winterswijk<\/h3>\n<p>Burgemeester Bosmastraat 41 7101 DE Winterswijk Niederlande<\/p>\n<p>[\/et_pb_text][et_pb_blurb url=&#8220;mailto:%20info@korint.nl&#8220; use_icon=&#8220;on&#8220; font_icon=&#8220;&#xf1d8;||fa||900&#8243; icon_color=&#8220;#31493F&#8220; icon_placement=&#8220;left&#8220; image_icon_width=&#8220;18px&#8220; _builder_version=&#8220;4.27.2&#8243; _module_preset=&#8220;default&#8220; body_line_height=&#8220;1em&#8220; custom_margin=&#8220;||20px||false|false&#8220; link_option_url=&#8220;mailto: info@korint.nl&#8220; custom_css_blurb_image=&#8220;width:18px;&#8220; locked=&#8220;off&#8220; global_colors_info=&#8220;{}&#8220;]<\/p>\n<p>info@korint.de<\/p>\n<p>[\/et_pb_blurb][et_pb_blurb url=&#8220;tel:00491602232798&#8243; use_icon=&#8220;on&#8220; font_icon=&#8220;&#xe090;||divi||400&#8243; icon_color=&#8220;#31493F&#8220; icon_placement=&#8220;left&#8220; image_icon_width=&#8220;18px&#8220; _builder_version=&#8220;4.27.5&#8243; _module_preset=&#8220;default&#8220; body_line_height=&#8220;1em&#8220; link_option_url=&#8220;tel:00491602232798&#8243; hover_enabled=&#8220;0&#8243; custom_css_blurb_image=&#8220;width:18px;&#8220; locked=&#8220;off&#8220; global_colors_info=&#8220;{}&#8220; sticky_enabled=&#8220;0&#8243;]<\/p>\n<p>+41 (0) 41 740 61 20<\/p>\n<p>[\/et_pb_blurb][\/et_pb_column][\/et_pb_row][\/et_pb_section][et_pb_section fb_built=&#8220;1&#8243; custom_padding_last_edited=&#8220;on|tablet&#8220; admin_label=&#8220;section&#8220; _builder_version=&#8220;4.16&#8243; _module_preset=&#8220;default&#8220; background_color=&#8220;#0A363C&#8220; use_background_color_gradient=&#8220;on&#8220; background_color_gradient_stops=&#8220;#ffffff 50%|#00272d 50%&#8220; background_enable_mask_style=&#8220;on&#8220; background_mask_style=&#8220;arch&#8220; background_mask_color=&#8220;#FFFFFF&#8220; background_mask_transform=&#8220;invert|rotate_90_degree&#8220; custom_padding=&#8220;||||false|false&#8220; custom_padding_tablet=&#8220;||0px||false|false&#8220; custom_padding_phone=&#8220;||0px||false|false&#8220; background_color_tablet=&#8220;#E3FFCC&#8220; background_last_edited=&#8220;on|phone&#8220; background_enable_color_tablet=&#8220;on&#8220; global_module=&#8220;232&#8243; saved_tabs=&#8220;all&#8220; locked=&#8220;off&#8220; global_colors_info=&#8220;{}&#8220;][et_pb_row make_equal=&#8220;on&#8220; custom_padding_last_edited=&#8220;on|desktop&#8220; admin_label=&#8220;row&#8220; module_class=&#8220;btn-inline&#8220; _builder_version=&#8220;4.27.4&#8243; _module_preset=&#8220;9a22613d-4a4d-40c1-b9c6-9591b07faf49&#8243; background_color=&#8220;#62917D&#8220; use_background_color_gradient=&#8220;on&#8220; background_color_gradient_stops=&#8220;rgba(10,54,60,0.75) 0%|rgba(10,54,60,0.75) 100%&#8220; background_color_gradient_overlays_image=&#8220;on&#8220; background_image=&#8220;https:\/\/korint.eu\/wp-content\/uploads\/2025\/03\/gradient-korint.jpg&#8220; width=&#8220;100%&#8220; custom_padding=&#8220;50px|50px|50px|50px|true|true&#8220; custom_padding_tablet=&#8220;40px|40px|40px|40px|true|true&#8220; custom_padding_phone=&#8220;30px|30px|30px|30px|true|true&#8220; custom_css_main_element=&#8220;align-items:flex-end;&#8220; box_shadow_style=&#8220;preset1&#8243; box_shadow_vertical=&#8220;0px&#8220; box_shadow_blur=&#8220;20px&#8220; locked=&#8220;off&#8220; global_colors_info=&#8220;{}&#8220;][et_pb_column type=&#8220;4_4&#8243; _builder_version=&#8220;4.27.4&#8243; custom_padding=&#8220;|||&#8220; global_colors_info=&#8220;{}&#8220; custom_padding__hover=&#8220;|||&#8220;][et_pb_text _builder_version=&#8220;4.27.4&#8243; header_2_text_color=&#8220;#E3FFCC&#8220; text_orientation=&#8220;center&#8220; background_layout=&#8220;dark&#8220; locked=&#8220;off&#8220; global_colors_info=&#8220;{}&#8220;]<\/p>\n<h2>Steigern Sie \u26a1\ufe0f noch heute Ihre Karriere im Gesundheitswesen!<\/h2>\n<p>Hinterlassen Sie Ihre Angaben auf unserer Bewerbungsseite oder vereinbaren Sie ein kostenloses und unverbindliches Gespr\u00e4ch mit einem unserer Berater.<\/p>\n<p>[\/et_pb_text][et_pb_button button_url=&#8220;@ET-DC@eyJkeW5hbWljIjp0cnVlLCJjb250ZW50IjoicG9zdF9saW5rX3VybF9wYWdlIiwic2V0dGluZ3MiOnsicG9zdF9pZCI6IjEwMzkifX0=@&#8220; button_text=&#8220;Initiativbewerbung&#8220; _builder_version=&#8220;4.27.4&#8243; _dynamic_attributes=&#8220;button_url&#8220; _module_preset=&#8220;95a81d9e-05d3-4903-b688-fe17a9ba1607&#8243; locked=&#8220;off&#8220; global_colors_info=&#8220;{}&#8220;][\/et_pb_button][et_pb_button button_url=&#8220;@ET-DC@eyJkeW5hbWljIjp0cnVlLCJjb250ZW50IjoicG9zdF9saW5rX3VybF9wYWdlIiwic2V0dGluZ3MiOnsicG9zdF9pZCI6IjEwOTgifX0=@&#8220; button_text=&#8220;Beratung buchen&#8220; _builder_version=&#8220;4.27.4&#8243; _dynamic_attributes=&#8220;button_url&#8220; _module_preset=&#8220;0c18befe-4b19-4e6e-afe9-8ea333cad736&#8243; locked=&#8220;off&#8220; global_colors_info=&#8220;{}&#8220;][\/et_pb_button][\/et_pb_column][\/et_pb_row][\/et_pb_section]<\/p>\n","protected":false},"excerpt":{"rendered":"<p><span><span><a href=\"https:\/\/korint.eu\/de\/\">Home<\/a><\/span><\/span>Kontaktieren Sie uns Wir sind f\u00fcr Sie da. Heute, morgen und \u00fcbermorgen.info@korint.eu+41 (0) 41 740 61 20Unsere B\u00fcrosZug Grabenstrasse 32 CH6300, Zug Schweizinfo@koraal.ch+41 (0) 41 740 61 20Tilburg Bredaseweg 204-11 5038NK Tilburg Niederlandeinfo@korint.nl+31 (0)13 582 16 81Winterswijk Burgemeester Bosmastraat 41 7101 DE Winterswijk Niederlandeinfo@korint.de+41 (0) 41 740 61 20Steigern Sie \u26a1\ufe0f noch heute Ihre Karriere [&hellip;]<\/p>\n","protected":false},"author":1,"featured_media":0,"parent":0,"menu_order":9,"comment_status":"closed","ping_status":"closed","template":"","meta":{"_et_pb_use_builder":"on","_et_pb_old_content":"","_et_gb_content_width":"","footnotes":""},"class_list":["post-6858","page","type-page","status-publish","hentry"],"yoast_head":"<!-- This site is optimized with the Yoast SEO plugin v27.3 - https:\/\/yoast.com\/product\/yoast-seo-wordpress\/ -->\n<title>Kontakt - Korint\u00ae<\/title>\n<meta name=\"robots\" content=\"index, follow, max-snippet:-1, max-image-preview:large, max-video-preview:-1\" \/>\n<link rel=\"canonical\" href=\"https:\/\/korint.eu\/de\/kontakt\/\" \/>\n<meta property=\"og:locale\" content=\"de_DE\" \/>\n<meta property=\"og:type\" content=\"article\" \/>\n<meta property=\"og:title\" content=\"Kontakt - Korint\u00ae\" \/>\n<meta property=\"og:description\" content=\"Kontaktieren Sie uns Wir sind f\u00fcr Sie da. Heute, morgen und \u00fcbermorgen.info@korint.eu+41 (0) 41 740 61 20Unsere B\u00fcrosZug Grabenstrasse 32 CH6300, Zug Schweizinfo@koraal.ch+41 (0) 41 740 61 20Tilburg Bredaseweg 204-11 5038NK Tilburg Niederlandeinfo@korint.nl+31 (0)13 582 16 81Winterswijk Burgemeester Bosmastraat 41 7101 DE Winterswijk Niederlandeinfo@korint.de+41 (0) 41 740 61 20Steigern Sie \u26a1\ufe0f noch heute Ihre Karriere [&hellip;]\" \/>\n<meta property=\"og:url\" content=\"https:\/\/korint.eu\/de\/kontakt\/\" \/>\n<meta property=\"og:site_name\" content=\"Korint\u00ae\" \/>\n<meta property=\"article:publisher\" content=\"https:\/\/www.facebook.com\/korintnederland\/\" \/>\n<meta property=\"article:modified_time\" content=\"2026-02-24T10:16:03+00:00\" \/>\n<meta name=\"twitter:card\" content=\"summary_large_image\" \/>\n<meta name=\"twitter:label1\" content=\"Gesch\u00e4tzte Lesezeit\" \/>\n\t<meta name=\"twitter:data1\" content=\"7\u00a0Minuten\" \/>\n<script type=\"application\/ld+json\" class=\"yoast-schema-graph\">{\"@context\":\"https:\\\/\\\/schema.org\",\"@graph\":[{\"@type\":\"WebPage\",\"@id\":\"https:\\\/\\\/korint.eu\\\/de\\\/kontakt\\\/\",\"url\":\"https:\\\/\\\/korint.eu\\\/de\\\/kontakt\\\/\",\"name\":\"Kontakt - Korint\u00ae\",\"isPartOf\":{\"@id\":\"https:\\\/\\\/korint.eu\\\/de\\\/#website\"},\"datePublished\":\"2024-10-29T10:36:53+00:00\",\"dateModified\":\"2026-02-24T10:16:03+00:00\",\"breadcrumb\":{\"@id\":\"https:\\\/\\\/korint.eu\\\/de\\\/kontakt\\\/#breadcrumb\"},\"inLanguage\":\"de\",\"potentialAction\":[{\"@type\":\"ReadAction\",\"target\":[\"https:\\\/\\\/korint.eu\\\/de\\\/kontakt\\\/\"]}]},{\"@type\":\"BreadcrumbList\",\"@id\":\"https:\\\/\\\/korint.eu\\\/de\\\/kontakt\\\/#breadcrumb\",\"itemListElement\":[{\"@type\":\"ListItem\",\"position\":1,\"name\":\"Home\",\"item\":\"https:\\\/\\\/korint.eu\\\/de\\\/\"},{\"@type\":\"ListItem\",\"position\":2,\"name\":\"Kontakt\"}]},{\"@type\":\"WebSite\",\"@id\":\"https:\\\/\\\/korint.eu\\\/de\\\/#website\",\"url\":\"https:\\\/\\\/korint.eu\\\/de\\\/\",\"name\":\"Korint\u00ae\",\"description\":\"Flexibele carri\u00e8re mogelijkheden voor zorgprofessionals\",\"publisher\":{\"@id\":\"https:\\\/\\\/korint.eu\\\/de\\\/#organization\"},\"potentialAction\":[{\"@type\":\"SearchAction\",\"target\":{\"@type\":\"EntryPoint\",\"urlTemplate\":\"https:\\\/\\\/korint.eu\\\/de\\\/?s={search_term_string}\"},\"query-input\":{\"@type\":\"PropertyValueSpecification\",\"valueRequired\":true,\"valueName\":\"search_term_string\"}}],\"inLanguage\":\"de\"},{\"@type\":\"Organization\",\"@id\":\"https:\\\/\\\/korint.eu\\\/de\\\/#organization\",\"name\":\"Korint\u00ae\",\"url\":\"https:\\\/\\\/korint.eu\\\/de\\\/\",\"logo\":{\"@type\":\"ImageObject\",\"inLanguage\":\"de\",\"@id\":\"https:\\\/\\\/korint.eu\\\/de\\\/#\\\/schema\\\/logo\\\/image\\\/\",\"url\":\"https:\\\/\\\/korint.eu\\\/wp-content\\\/uploads\\\/2025\\\/01\\\/Vacature-icon-korint\u00ae.jpg\",\"contentUrl\":\"https:\\\/\\\/korint.eu\\\/wp-content\\\/uploads\\\/2025\\\/01\\\/Vacature-icon-korint\u00ae.jpg\",\"width\":1000,\"height\":1000,\"caption\":\"Korint\u00ae\"},\"image\":{\"@id\":\"https:\\\/\\\/korint.eu\\\/de\\\/#\\\/schema\\\/logo\\\/image\\\/\"},\"sameAs\":[\"https:\\\/\\\/www.facebook.com\\\/korintnederland\\\/\",\"https:\\\/\\\/www.instagram.com\\\/korint_nederland\\\/\",\"https:\\\/\\\/www.linkedin.com\\\/company\\\/korint-medical-recruitment\\\/\"]}]}<\/script>\n<!-- \/ Yoast SEO plugin. -->","yoast_head_json":{"title":"Kontakt - Korint\u00ae","robots":{"index":"index","follow":"follow","max-snippet":"max-snippet:-1","max-image-preview":"max-image-preview:large","max-video-preview":"max-video-preview:-1"},"canonical":"https:\/\/korint.eu\/de\/kontakt\/","og_locale":"de_DE","og_type":"article","og_title":"Kontakt - Korint\u00ae","og_description":"Kontaktieren Sie uns Wir sind f\u00fcr Sie da. Heute, morgen und \u00fcbermorgen.info@korint.eu+41 (0) 41 740 61 20Unsere B\u00fcrosZug Grabenstrasse 32 CH6300, Zug Schweizinfo@koraal.ch+41 (0) 41 740 61 20Tilburg Bredaseweg 204-11 5038NK Tilburg Niederlandeinfo@korint.nl+31 (0)13 582 16 81Winterswijk Burgemeester Bosmastraat 41 7101 DE Winterswijk Niederlandeinfo@korint.de+41 (0) 41 740 61 20Steigern Sie \u26a1\ufe0f noch heute Ihre Karriere [&hellip;]","og_url":"https:\/\/korint.eu\/de\/kontakt\/","og_site_name":"Korint\u00ae","article_publisher":"https:\/\/www.facebook.com\/korintnederland\/","article_modified_time":"2026-02-24T10:16:03+00:00","twitter_card":"summary_large_image","twitter_misc":{"Gesch\u00e4tzte Lesezeit":"7\u00a0Minuten"},"schema":{"@context":"https:\/\/schema.org","@graph":[{"@type":"WebPage","@id":"https:\/\/korint.eu\/de\/kontakt\/","url":"https:\/\/korint.eu\/de\/kontakt\/","name":"Kontakt - Korint\u00ae","isPartOf":{"@id":"https:\/\/korint.eu\/de\/#website"},"datePublished":"2024-10-29T10:36:53+00:00","dateModified":"2026-02-24T10:16:03+00:00","breadcrumb":{"@id":"https:\/\/korint.eu\/de\/kontakt\/#breadcrumb"},"inLanguage":"de","potentialAction":[{"@type":"ReadAction","target":["https:\/\/korint.eu\/de\/kontakt\/"]}]},{"@type":"BreadcrumbList","@id":"https:\/\/korint.eu\/de\/kontakt\/#breadcrumb","itemListElement":[{"@type":"ListItem","position":1,"name":"Home","item":"https:\/\/korint.eu\/de\/"},{"@type":"ListItem","position":2,"name":"Kontakt"}]},{"@type":"WebSite","@id":"https:\/\/korint.eu\/de\/#website","url":"https:\/\/korint.eu\/de\/","name":"Korint\u00ae","description":"Flexibele carri\u00e8re mogelijkheden voor zorgprofessionals","publisher":{"@id":"https:\/\/korint.eu\/de\/#organization"},"potentialAction":[{"@type":"SearchAction","target":{"@type":"EntryPoint","urlTemplate":"https:\/\/korint.eu\/de\/?s={search_term_string}"},"query-input":{"@type":"PropertyValueSpecification","valueRequired":true,"valueName":"search_term_string"}}],"inLanguage":"de"},{"@type":"Organization","@id":"https:\/\/korint.eu\/de\/#organization","name":"Korint\u00ae","url":"https:\/\/korint.eu\/de\/","logo":{"@type":"ImageObject","inLanguage":"de","@id":"https:\/\/korint.eu\/de\/#\/schema\/logo\/image\/","url":"https:\/\/korint.eu\/wp-content\/uploads\/2025\/01\/Vacature-icon-korint\u00ae.jpg","contentUrl":"https:\/\/korint.eu\/wp-content\/uploads\/2025\/01\/Vacature-icon-korint\u00ae.jpg","width":1000,"height":1000,"caption":"Korint\u00ae"},"image":{"@id":"https:\/\/korint.eu\/de\/#\/schema\/logo\/image\/"},"sameAs":["https:\/\/www.facebook.com\/korintnederland\/","https:\/\/www.instagram.com\/korint_nederland\/","https:\/\/www.linkedin.com\/company\/korint-medical-recruitment\/"]}]}},"_links":{"self":[{"href":"https:\/\/korint.eu\/de\/wp-json\/wp\/v2\/pages\/6858","targetHints":{"allow":["GET"]}}],"collection":[{"href":"https:\/\/korint.eu\/de\/wp-json\/wp\/v2\/pages"}],"about":[{"href":"https:\/\/korint.eu\/de\/wp-json\/wp\/v2\/types\/page"}],"author":[{"embeddable":true,"href":"https:\/\/korint.eu\/de\/wp-json\/wp\/v2\/users\/1"}],"replies":[{"embeddable":true,"href":"https:\/\/korint.eu\/de\/wp-json\/wp\/v2\/comments?post=6858"}],"version-history":[{"count":2,"href":"https:\/\/korint.eu\/de\/wp-json\/wp\/v2\/pages\/6858\/revisions"}],"predecessor-version":[{"id":9580,"href":"https:\/\/korint.eu\/de\/wp-json\/wp\/v2\/pages\/6858\/revisions\/9580"}],"wp:attachment":[{"href":"https:\/\/korint.eu\/de\/wp-json\/wp\/v2\/media?parent=6858"}],"curies":[{"name":"wp","href":"https:\/\/api.w.org\/{rel}","templated":true}]}}