{"id":9107,"date":"2024-10-25T10:03:24","date_gmt":"2024-10-25T08:03:24","guid":{"rendered":"https:\/\/korint.eu\/?page_id=9107"},"modified":"2025-11-13T16:33:24","modified_gmt":"2025-11-13T15:33:24","slug":"datenschutzerklarung","status":"publish","type":"page","link":"https:\/\/korint.eu\/ch\/datenschutzerklarung\/","title":{"rendered":"Datenschutzerkl\u00e4rung"},"content":{"rendered":"<p>[et_pb_section fb_built=&#187;1&#8243; custom_padding_last_edited=&#187;on|phone&#187; _builder_version=&#187;4.27.4&#8243; _dynamic_attributes=&#187;background_image&#187; _module_preset=&#187;default&#187; background_color=&#187;#0A363C&#187; use_background_color_gradient=&#187;on&#187; background_color_gradient_stops=&#187;#0a363c 10%|rgba(10,54,60,0.5) 50%&#187; background_color_gradient_overlays_image=&#187;on&#187; background_image=&#187;@ET-DC@eyJkeW5hbWljIjp0cnVlLCJjb250ZW50IjoicG9zdF9mZWF0dXJlZF9pbWFnZSIsInNldHRpbmdzIjp7ImVuYWJsZV9odG1sIjoib2ZmIn19@&#187; background_position=&#187;top_center&#187; custom_padding=&#187;250px||||false|false&#187; custom_padding_tablet=&#187;150px||||false|false&#187; custom_padding_phone=&#187;100px||||false|false&#187; saved_tabs=&#187;all&#187; locked=&#187;off&#187; global_colors_info=&#187;{}&#187;][et_pb_row _builder_version=&#187;4.27.4&#8243; _module_preset=&#187;default&#187; global_colors_info=&#187;{}&#187;][et_pb_column type=&#187;4_4&#8243; _builder_version=&#187;4.27.2&#8243; _module_preset=&#187;default&#187; global_colors_info=&#187;{}&#187;][et_pb_text _builder_version=&#187;4.27.4&#8243; _module_preset=&#187;default&#187; background_layout=&#187;dark&#187; locked=&#187;off&#187; global_colors_info=&#187;{}&#187;]<\/p>\n<h1>Datenschutzerkl\u00e4rung Korint\u00ae<\/h1>\n<p>[\/et_pb_text][\/et_pb_column][\/et_pb_row][et_pb_row column_structure=&#187;1_2,1_2&#8243; _builder_version=&#187;4.27.4&#8243; _module_preset=&#187;default&#187; global_colors_info=&#187;{}&#187;][et_pb_column type=&#187;1_2&#8243; _builder_version=&#187;4.27.2&#8243; _module_preset=&#187;default&#187; global_colors_info=&#187;{}&#187;][et_pb_divider divider_weight=&#187;1px&#187; _builder_version=&#187;4.27.4&#8243; _module_preset=&#187;default&#187; width=&#187;50%&#187; locked=&#187;off&#187; global_colors_info=&#187;{}&#187;][\/et_pb_divider][\/et_pb_column][et_pb_column type=&#187;1_2&#8243; _builder_version=&#187;4.27.2&#8243; _module_preset=&#187;default&#187; global_colors_info=&#187;{}&#187;][et_pb_text _builder_version=&#187;4.27.4&#8243; _module_preset=&#187;default&#187; background_layout=&#187;dark&#187; locked=&#187;off&#187; global_colors_info=&#187;{}&#187;]Letzte Aktualisierung: <strong>17. M\u00e4rz 2025<\/strong><br \/>\n[\/et_pb_text][\/et_pb_column][\/et_pb_row][\/et_pb_section][et_pb_section fb_built=&#187;1&#8243; admin_label=&#187;section&#187; _builder_version=&#187;4.16&#8243; global_colors_info=&#187;{}&#187;][et_pb_row admin_label=&#187;Zeile&#187; _builder_version=&#187;4.27.4&#8243; _module_preset=&#187;9a22613d-4a4d-40c1-b9c6-9591b07faf49&#8243; background_size=&#187;initial&#187; background_position=&#187;top_left&#187; background_repeat=&#187;repeat&#187; global_colors_info=&#187;{}&#187;][et_pb_column type=&#187;4_4&#8243; _builder_version=&#187;4.16&#8243; custom_padding=&#187;|||&#187; global_colors_info=&#187;{}&#187; custom_padding__hover=&#187;|||&#187;][et_pb_text _builder_version=&#187;4.27.4&#8243; _module_preset=&#187;default&#187; global_colors_info=&#187;{}&#187;]Der Verantwortliche im Sinne der Datenschutz-Grundverordnung und anderer nationaler Datenschutzgesetze der Mitgliedsstaaten sowie sonstiger datenschutzrechtlicher Bestimmungen ist die:<\/p>\n<p>Koraal (Schweiz) AG<\/p>\n<p>Grabenstrasse 32<br \/>\nCH-6300 Zug<br \/>\nSchweiz<\/p>\n<p>Telefon: <a href=\"tel:00491602232798\">+491602232798<\/a><br \/>\nEmail: <a href=\"mailto:info@korint.eu\">info@korint.eu<\/a><br \/>\nWebsite: <a href=\"\/\">www.korint.eu<\/a><\/p>\n<p>Der Datenschutzbeauftragte des Verantwortlichen ist:<\/p>\n<p>Harrie ten Dolle<\/p>\n<p>Grabenstrasse 32<br \/>\nCH-6300 Zug<br \/>\nSchweiz<\/p>\n<p>Telefon: <a href=\"tel:00491602232798\">+491602232798<\/a><br \/>\nEmail: <a href=\"mailto:h.tendolle@korint.eu\">h.tendolle@korint.eu<\/a><br \/>\nWebsite: <a href=\"\/\">www.korint.eu<\/a><\/p>\n<p><strong>Rechtsgrundlage f\u00fcr die Verarbeitung personenbezogener Daten<\/strong><\/p>\n<p>Soweit wir f\u00fcr Verarbeitungsvorg\u00e4nge personenbezogener Daten eine Einwilligung der betroffenen Person einholen, dient Art. 6 Abs. 1 lit. a EU-Datenschutzgrundverordnung (DSGVO) als Rechtsgrundlage. Ist die Verarbeitung zur Wahrung eines berechtigten Interesses unseres Unternehmens oder eines Dritten erforderlich und \u00fcberwiegen die Interessen, Grundrechte und Grundfreiheiten des Betroffenen das erstgenannte Interesse nicht, so dient Art. 6 Abs. 1 lit. f DSGVO als Rechtsgrundlage f\u00fcr die Verarbeitung.<\/p>\n<p><strong>Datenl\u00f6schung und Speicherdauer<\/strong><\/p>\n<p>Die personenbezogenen Daten der betroffenen Person werden gel\u00f6scht oder gesperrt, sobald der Zweck der Speicherung entf\u00e4llt. Eine Speicherung kann dar\u00fcber hinaus erfolgen, wenn dies durch den europ\u00e4ischen oder nationalen Gesetzgeber in unionsrechtlichen Verordnungen, Gesetzen oder sonstigen Vorschriften, denen der Verantwortliche unterliegt, vorgesehen wurde. Eine Sperrung oder L\u00f6schung der Daten erfolgt auch dann, wenn eine durch die genannten Normen vorgeschriebene Speicherfrist abl\u00e4uft, es sei denn, dass eine Erforderlichkeit zur weiteren Speicherung der Daten f\u00fcr einen Vertragsabschluss oder eine Vertragserf\u00fcllung besteht.<\/p>\n<p><strong>Verwendung von Cookies<\/strong><\/p>\n<p>Diese Website macht Gebrauch von Cookies ,um Ihre Benutzererfahrung w\u00e4hrend Ihres Websitebesuchs zu verbessern.<\/p>\n<p>Von diesen Cookies werden solche, die f\u00fcr die Basisfunktion der Website essenziell sind, in Ihrem Webbrowser gespeichert. Wir verwenden au\u00dferdem Cookies von Drittanbietern, die uns helfen, unsere Website zu analysieren und Einsicht in Ihr Nutzerverhalten auf unserer Website zu erhalten. Einige dieser Cookies werden mit Ihrer Zustimmung ebenfalls in Ihrem Browser gespeichert. Sie haben das Recht, dem Gebrauch aller Cookies zu widersprechen. Der Widerspruch gegen einige dieser Cookies kann Ihre Browser-Erfahrung jedoch beeintr\u00e4chtigen.<\/p>\n<p><strong>Google Analytics<\/strong><\/p>\n<p>Diese Website nutzt Funktionen des Webanalysedienstes Google Analytics. Anbieter ist die Google Inc., 1600 Amphitheatre Parkway Mountain View, CA 94043, USA.<\/p>\n<p>Google Analytics verwendet so genannte \u201eCookies\u201c. Das sind Textdateien, die auf Ihrem Computer gespeichert werden und die eine Analyse der Benutzung der Website durch Sie erm\u00f6glichen. Die durch den Cookie erzeugten Informationen \u00fcber Ihre Benutzung dieser Website werden in der Regel an einen Server von Google in den USA \u00fcbertragen und dort gespeichert.<\/p>\n<p><strong>Browser Plugin<\/strong><\/p>\n<p>Sie k\u00f6nnen die Speicherung der Cookies durch eine entsprechende Einstellung Ihrer Browser-Software verhindern; wir weisen Sie jedoch darauf hin, dass Sie in diesem Fall gegebenenfalls nicht s\u00e4mtliche Funktionen dieser Website vollumf\u00e4nglich werden nutzen k\u00f6nnen. Sie k\u00f6nnen dar\u00fcber hinaus die Erfassung der durch den Cookie erzeugten und auf Ihre Nutzung der Website bezogenen Daten (inkl. Ihrer IP-Adresse) an Google sowie die Verarbeitung dieser Daten durch Google verhindern, indem Sie das unter dem folgenden Link verf\u00fcgbare Browser-Plugin herunterladen und installieren: <a href=\"https:\/\/tools.google.com\/dlpage\/gaoptout?hl=de\">https:\/\/tools.google.com\/dlpage\/gaoptout?hl=de<\/a><\/p>\n<p><strong>Sociale Media<\/strong><\/p>\n<p>Diese Website enth\u00e4lt Schaltfl\u00e4chen zum Bewerben oder Teilen von Seiten in den sozialen Netzwerken Facebook, LinkedIn, Google+ und Xing. Diese Schaltfl\u00e4chen werden durch einen Code realisiert, der von Facebook, LinkedIn, Google+ und Xing selbst bereitgestellt wird. Dieser Code platziert unter anderem ein Cookie. Lesen Sie die Datenschutzerkl\u00e4rung der sozialen Netzwerke (die sich regelm\u00e4\u00dfig \u00e4ndern kann), um zu sehen, wie diese mit Ihren pers\u00f6nlichen Daten umgehen, die sie mit diesem Code verarbeiten.<\/p>\n<p><strong>Kontaktformular<\/strong><\/p>\n<p>Wenn Sie ein kontakt- oder Registrierungsformular auf der Website ausf\u00fcllen, oder uns eine Email senden, werden die an uns gesendete Daten so lange gespeichert, wie es die Art des Formulars oder der Inhalt Ihrer Email f\u00fcr den vollst\u00e4ndigen Inhalt erfodert. F\u00fcr die Beantwortung, bearbeitung und Nachsorge.<\/p>\n<p><strong>Newsletter<\/strong><\/p>\n<p>Wir bieten einen digitalen Newsletter an, mit dem wir Interessenten \u00fcber Neuigkeiten im Gesundheitswesen, relevante Stellenangebote und verwandte Themen informieren wollen. Ihre E-Mail-Adresse wird nur mit Ihrer ausdr\u00fccklichen Erlaubnis zur Liste der Abonnenten hinzugef\u00fcgt. Jeder Newsletter enth\u00e4lt einen Link, \u00fcber den Sie sich abmelden k\u00f6nnen. Die Newsletter-Abonnentendatei wird nicht an Dritte weitergegeben.<\/p>\n<p><strong>Auskunftsrecht und Recht auf \u00c4nderung, L\u00f6schung oder Sperrung der Daten<\/strong><\/p>\n<p>Bei Fragen zum Datenschutz oder Anfragen zur Berichtigung, Sperrung oder L\u00f6schung Ihrer pers\u00f6nlichen Daten wenden Sie sich bitte direkt an <a href=\"mailto:info@korint.eu\">info@korint.eu<\/a>.<\/p>\n<p><strong>\u00c4nderungen dieser Datenschutzerkl\u00e4rung<\/strong><\/p>\n<p>Diese Datenschutzerkl\u00e4rung wird bei Bedarf ge\u00e4ndert, um datenschutzrelevante \u00c4nderungen an unseren Diensten zu ver\u00f6ffentlichen, beispielsweise wenn neue Dienste eingef\u00fchrt werden oder um neuen gesetzlichen Anforderungen zu entsprechen.<br \/>\n[\/et_pb_text][\/et_pb_column][\/et_pb_row][\/et_pb_section]<\/p>\n","protected":false},"excerpt":{"rendered":"<p>Datenschutzerkl\u00e4rung Korint\u00ae Letzte Aktualisierung: 17. M\u00e4rz 2025 Der Verantwortliche im Sinne der Datenschutz-Grundverordnung und anderer nationaler Datenschutzgesetze der Mitgliedsstaaten sowie sonstiger datenschutzrechtlicher Bestimmungen ist die: Koraal (Schweiz) AG Grabenstrasse 32 CH-6300 Zug Schweiz Telefon: +491602232798 Email: info@korint.eu Website: www.korint.eu Der Datenschutzbeauftragte des Verantwortlichen ist: Harrie ten Dolle Grabenstrasse 32 CH-6300 Zug Schweiz Telefon: +491602232798 Email: [&hellip;]<\/p>\n","protected":false},"author":8,"featured_media":0,"parent":0,"menu_order":999,"comment_status":"closed","ping_status":"closed","template":"","meta":{"_et_pb_use_builder":"on","_et_pb_old_content":"","_et_gb_content_width":"","footnotes":""},"class_list":["post-9107","page","type-page","status-publish","hentry"],"yoast_head":"<!-- This site is optimized with the Yoast SEO plugin v27.3 - https:\/\/yoast.com\/product\/yoast-seo-wordpress\/ -->\n<title>Datenschutzerkl\u00e4rung - Korint\u00ae<\/title>\n<meta name=\"robots\" content=\"index, follow, max-snippet:-1, max-image-preview:large, max-video-preview:-1\" \/>\n<link rel=\"canonical\" href=\"https:\/\/korint.eu\/ch\/datenschutzerklarung\/\" \/>\n<meta property=\"og:locale\" content=\"de_DE\" \/>\n<meta property=\"og:type\" content=\"article\" \/>\n<meta property=\"og:title\" content=\"Datenschutzerkl\u00e4rung - Korint\u00ae\" \/>\n<meta property=\"og:description\" content=\"Datenschutzerkl\u00e4rung Korint\u00ae Letzte Aktualisierung: 17. M\u00e4rz 2025 Der Verantwortliche im Sinne der Datenschutz-Grundverordnung und anderer nationaler Datenschutzgesetze der Mitgliedsstaaten sowie sonstiger datenschutzrechtlicher Bestimmungen ist die: Koraal (Schweiz) AG Grabenstrasse 32 CH-6300 Zug Schweiz Telefon: +491602232798 Email: info@korint.eu Website: www.korint.eu Der Datenschutzbeauftragte des Verantwortlichen ist: Harrie ten Dolle Grabenstrasse 32 CH-6300 Zug Schweiz Telefon: +491602232798 Email: [&hellip;]\" \/>\n<meta property=\"og:url\" content=\"https:\/\/korint.eu\/ch\/datenschutzerklarung\/\" \/>\n<meta property=\"og:site_name\" content=\"Korint\u00ae\" \/>\n<meta property=\"article:publisher\" content=\"https:\/\/www.facebook.com\/korintnederland\/\" \/>\n<meta property=\"article:modified_time\" content=\"2025-11-13T15:33:24+00:00\" \/>\n<meta name=\"twitter:card\" content=\"summary_large_image\" \/>\n<meta name=\"twitter:label1\" content=\"Gesch\u00e4tzte Lesezeit\" \/>\n\t<meta name=\"twitter:data1\" content=\"4\u00a0Minuten\" \/>\n<script type=\"application\/ld+json\" class=\"yoast-schema-graph\">{\"@context\":\"https:\\\/\\\/schema.org\",\"@graph\":[{\"@type\":\"WebPage\",\"@id\":\"https:\\\/\\\/korint.eu\\\/ch\\\/datenschutzerklarung\\\/\",\"url\":\"https:\\\/\\\/korint.eu\\\/ch\\\/datenschutzerklarung\\\/\",\"name\":\"Datenschutzerkl\u00e4rung - Korint\u00ae\",\"isPartOf\":{\"@id\":\"https:\\\/\\\/korint.eu\\\/ch\\\/#website\"},\"datePublished\":\"2024-10-25T08:03:24+00:00\",\"dateModified\":\"2025-11-13T15:33:24+00:00\",\"breadcrumb\":{\"@id\":\"https:\\\/\\\/korint.eu\\\/ch\\\/datenschutzerklarung\\\/#breadcrumb\"},\"inLanguage\":\"de-CH\",\"potentialAction\":[{\"@type\":\"ReadAction\",\"target\":[\"https:\\\/\\\/korint.eu\\\/ch\\\/datenschutzerklarung\\\/\"]}]},{\"@type\":\"BreadcrumbList\",\"@id\":\"https:\\\/\\\/korint.eu\\\/ch\\\/datenschutzerklarung\\\/#breadcrumb\",\"itemListElement\":[{\"@type\":\"ListItem\",\"position\":1,\"name\":\"Home\",\"item\":\"https:\\\/\\\/korint.eu\\\/ch\\\/\"},{\"@type\":\"ListItem\",\"position\":2,\"name\":\"Datenschutzerkl\u00e4rung\"}]},{\"@type\":\"WebSite\",\"@id\":\"https:\\\/\\\/korint.eu\\\/ch\\\/#website\",\"url\":\"https:\\\/\\\/korint.eu\\\/ch\\\/\",\"name\":\"Korint\u00ae\",\"description\":\"Flexibele carri\u00e8re mogelijkheden voor zorgprofessionals\",\"publisher\":{\"@id\":\"https:\\\/\\\/korint.eu\\\/ch\\\/#organization\"},\"potentialAction\":[{\"@type\":\"SearchAction\",\"target\":{\"@type\":\"EntryPoint\",\"urlTemplate\":\"https:\\\/\\\/korint.eu\\\/ch\\\/?s={search_term_string}\"},\"query-input\":{\"@type\":\"PropertyValueSpecification\",\"valueRequired\":true,\"valueName\":\"search_term_string\"}}],\"inLanguage\":\"de-CH\"},{\"@type\":\"Organization\",\"@id\":\"https:\\\/\\\/korint.eu\\\/ch\\\/#organization\",\"name\":\"Korint\u00ae\",\"url\":\"https:\\\/\\\/korint.eu\\\/ch\\\/\",\"logo\":{\"@type\":\"ImageObject\",\"inLanguage\":\"de-CH\",\"@id\":\"https:\\\/\\\/korint.eu\\\/ch\\\/#\\\/schema\\\/logo\\\/image\\\/\",\"url\":\"https:\\\/\\\/korint.eu\\\/wp-content\\\/uploads\\\/2025\\\/01\\\/Vacature-icon-korint\u00ae.jpg\",\"contentUrl\":\"https:\\\/\\\/korint.eu\\\/wp-content\\\/uploads\\\/2025\\\/01\\\/Vacature-icon-korint\u00ae.jpg\",\"width\":1000,\"height\":1000,\"caption\":\"Korint\u00ae\"},\"image\":{\"@id\":\"https:\\\/\\\/korint.eu\\\/ch\\\/#\\\/schema\\\/logo\\\/image\\\/\"},\"sameAs\":[\"https:\\\/\\\/www.facebook.com\\\/korintnederland\\\/\",\"https:\\\/\\\/www.instagram.com\\\/korint_nederland\\\/\",\"https:\\\/\\\/www.linkedin.com\\\/company\\\/korint-medical-recruitment\\\/\"]}]}<\/script>\n<!-- \/ Yoast SEO plugin. -->","yoast_head_json":{"title":"Datenschutzerkl\u00e4rung - Korint\u00ae","robots":{"index":"index","follow":"follow","max-snippet":"max-snippet:-1","max-image-preview":"max-image-preview:large","max-video-preview":"max-video-preview:-1"},"canonical":"https:\/\/korint.eu\/ch\/datenschutzerklarung\/","og_locale":"de_DE","og_type":"article","og_title":"Datenschutzerkl\u00e4rung - Korint\u00ae","og_description":"Datenschutzerkl\u00e4rung Korint\u00ae Letzte Aktualisierung: 17. M\u00e4rz 2025 Der Verantwortliche im Sinne der Datenschutz-Grundverordnung und anderer nationaler Datenschutzgesetze der Mitgliedsstaaten sowie sonstiger datenschutzrechtlicher Bestimmungen ist die: Koraal (Schweiz) AG Grabenstrasse 32 CH-6300 Zug Schweiz Telefon: +491602232798 Email: info@korint.eu Website: www.korint.eu Der Datenschutzbeauftragte des Verantwortlichen ist: Harrie ten Dolle Grabenstrasse 32 CH-6300 Zug Schweiz Telefon: +491602232798 Email: [&hellip;]","og_url":"https:\/\/korint.eu\/ch\/datenschutzerklarung\/","og_site_name":"Korint\u00ae","article_publisher":"https:\/\/www.facebook.com\/korintnederland\/","article_modified_time":"2025-11-13T15:33:24+00:00","twitter_card":"summary_large_image","twitter_misc":{"Gesch\u00e4tzte Lesezeit":"4\u00a0Minuten"},"schema":{"@context":"https:\/\/schema.org","@graph":[{"@type":"WebPage","@id":"https:\/\/korint.eu\/ch\/datenschutzerklarung\/","url":"https:\/\/korint.eu\/ch\/datenschutzerklarung\/","name":"Datenschutzerkl\u00e4rung - Korint\u00ae","isPartOf":{"@id":"https:\/\/korint.eu\/ch\/#website"},"datePublished":"2024-10-25T08:03:24+00:00","dateModified":"2025-11-13T15:33:24+00:00","breadcrumb":{"@id":"https:\/\/korint.eu\/ch\/datenschutzerklarung\/#breadcrumb"},"inLanguage":"de-CH","potentialAction":[{"@type":"ReadAction","target":["https:\/\/korint.eu\/ch\/datenschutzerklarung\/"]}]},{"@type":"BreadcrumbList","@id":"https:\/\/korint.eu\/ch\/datenschutzerklarung\/#breadcrumb","itemListElement":[{"@type":"ListItem","position":1,"name":"Home","item":"https:\/\/korint.eu\/ch\/"},{"@type":"ListItem","position":2,"name":"Datenschutzerkl\u00e4rung"}]},{"@type":"WebSite","@id":"https:\/\/korint.eu\/ch\/#website","url":"https:\/\/korint.eu\/ch\/","name":"Korint\u00ae","description":"Flexibele carri\u00e8re mogelijkheden voor zorgprofessionals","publisher":{"@id":"https:\/\/korint.eu\/ch\/#organization"},"potentialAction":[{"@type":"SearchAction","target":{"@type":"EntryPoint","urlTemplate":"https:\/\/korint.eu\/ch\/?s={search_term_string}"},"query-input":{"@type":"PropertyValueSpecification","valueRequired":true,"valueName":"search_term_string"}}],"inLanguage":"de-CH"},{"@type":"Organization","@id":"https:\/\/korint.eu\/ch\/#organization","name":"Korint\u00ae","url":"https:\/\/korint.eu\/ch\/","logo":{"@type":"ImageObject","inLanguage":"de-CH","@id":"https:\/\/korint.eu\/ch\/#\/schema\/logo\/image\/","url":"https:\/\/korint.eu\/wp-content\/uploads\/2025\/01\/Vacature-icon-korint\u00ae.jpg","contentUrl":"https:\/\/korint.eu\/wp-content\/uploads\/2025\/01\/Vacature-icon-korint\u00ae.jpg","width":1000,"height":1000,"caption":"Korint\u00ae"},"image":{"@id":"https:\/\/korint.eu\/ch\/#\/schema\/logo\/image\/"},"sameAs":["https:\/\/www.facebook.com\/korintnederland\/","https:\/\/www.instagram.com\/korint_nederland\/","https:\/\/www.linkedin.com\/company\/korint-medical-recruitment\/"]}]}},"_links":{"self":[{"href":"https:\/\/korint.eu\/ch\/wp-json\/wp\/v2\/pages\/9107","targetHints":{"allow":["GET"]}}],"collection":[{"href":"https:\/\/korint.eu\/ch\/wp-json\/wp\/v2\/pages"}],"about":[{"href":"https:\/\/korint.eu\/ch\/wp-json\/wp\/v2\/types\/page"}],"author":[{"embeddable":true,"href":"https:\/\/korint.eu\/ch\/wp-json\/wp\/v2\/users\/8"}],"replies":[{"embeddable":true,"href":"https:\/\/korint.eu\/ch\/wp-json\/wp\/v2\/comments?post=9107"}],"version-history":[{"count":2,"href":"https:\/\/korint.eu\/ch\/wp-json\/wp\/v2\/pages\/9107\/revisions"}],"predecessor-version":[{"id":9109,"href":"https:\/\/korint.eu\/ch\/wp-json\/wp\/v2\/pages\/9107\/revisions\/9109"}],"wp:attachment":[{"href":"https:\/\/korint.eu\/ch\/wp-json\/wp\/v2\/media?parent=9107"}],"curies":[{"name":"wp","href":"https:\/\/api.w.org\/{rel}","templated":true}]}}