{"id":9095,"date":"2024-10-29T11:36:53","date_gmt":"2024-10-29T10:36:53","guid":{"rendered":"https:\/\/korint.eu\/?page_id=9095"},"modified":"2026-02-24T11:14:08","modified_gmt":"2026-02-24T10:14:08","slug":"kontakt","status":"publish","type":"page","link":"https:\/\/korint.eu\/ch\/kontakt\/","title":{"rendered":"Kontakt"},"content":{"rendered":"<p>[et_pb_section fb_built=&#187;1&#8243; _builder_version=&#187;4.27.4&#8243; _module_preset=&#187;default&#187; background_color=&#187;#0A363C&#187; custom_padding=&#187;0px||||false|false&#187; saved_tabs=&#187;all&#187; locked=&#187;off&#187; global_colors_info=&#187;{}&#187;][et_pb_row _builder_version=&#187;4.27.4&#8243; _module_preset=&#187;default&#187; custom_padding=&#187;0px||||false|false&#187; global_colors_info=&#187;{}&#187;][et_pb_column type=&#187;4_4&#8243; _builder_version=&#187;4.27.4&#8243; _module_preset=&#187;default&#187; global_colors_info=&#187;{}&#187;][et_pb_text _builder_version=&#187;4.27.4&#8243; _module_preset=&#187;default&#187; text_font=&#187;||||||||&#187; text_font_size=&#187;14px&#187; link_font=&#187;||||||||&#187; link_text_color=&#187;rgba(255,255,255,0.5)&#187; background_layout=&#187;dark&#187; border_width_bottom=&#187;1px&#187; border_color_bottom=&#187;rgba(98,145,125,0.15)&#187; locked=&#187;off&#187; global_colors_info=&#187;{}&#187;]<span><span><a href=\"https:\/\/korint.eu\/ch\/\">Home<\/a><\/span><\/span><br \/>\n[\/et_pb_text][\/et_pb_column][\/et_pb_row][et_pb_row _builder_version=&#187;4.27.2&#8243; _module_preset=&#187;default&#187; global_colors_info=&#187;{}&#187;][et_pb_column type=&#187;4_4&#8243; _builder_version=&#187;4.27.2&#8243; _module_preset=&#187;default&#187; global_colors_info=&#187;{}&#187;][et_pb_text _builder_version=&#187;4.27.4&#8243; _module_preset=&#187;default&#187; background_layout=&#187;dark&#187; locked=&#187;off&#187; global_colors_info=&#187;{}&#187;]<\/p>\n<h1>Kontaktieren Sie uns<\/h1>\n<p>Wir sind f\u00fcr Sie da. Heute, morgen und \u00fcbermorgen.<br \/>\n[\/et_pb_text][\/et_pb_column][\/et_pb_row][\/et_pb_section][et_pb_section fb_built=&#187;1&#8243; _builder_version=&#187;4.27.2&#8243; _module_preset=&#187;default&#187; locked=&#187;off&#187; global_colors_info=&#187;{}&#187;][et_pb_row column_structure=&#187;1_2,1_2&#8243; _builder_version=&#187;4.27.2&#8243; _module_preset=&#187;default&#187; global_colors_info=&#187;{}&#187;][et_pb_column type=&#187;1_2&#8243; _builder_version=&#187;4.27.2&#8243; _module_preset=&#187;default&#187; global_colors_info=&#187;{}&#187;][et_pb_blurb title=&#187;E-Mail&#187; url=&#187;mailto:info@korint.eu&#187; use_icon=&#187;on&#187; font_icon=&#187;&#xf1d8;||fa||400&#8243; icon_color=&#187;#CBDED7&#8243; image_icon_width=&#187;26px&#187; _builder_version=&#187;4.27.4&#8243; _module_preset=&#187;default&#187; header_font_size=&#187;32px&#187; background_color=&#187;#EFF8F5&#8243; text_orientation=&#187;center&#187; custom_padding=&#187;30px|30px|30px|30px|true|true&#187; link_option_url=&#187;mailto:info@korint.eu&#187; border_radii=&#187;on|10px|10px|10px|10px&#187; border_width_all=&#187;1px&#187; border_color_all=&#187;#CBDED7&#8243; locked=&#187;off&#187; global_colors_info=&#187;{}&#187;]info@korint.eu<br \/>\n[\/et_pb_blurb][\/et_pb_column][et_pb_column type=&#187;1_2&#8243; _builder_version=&#187;4.27.2&#8243; _module_preset=&#187;default&#187; global_colors_info=&#187;{}&#187;][et_pb_blurb title=&#187;Rufen Sie uns an&#187; url=&#187;tel:00491602232798&#8243; use_icon=&#187;on&#187; font_icon=&#187;&#xf58f;||fa||900&#8243; icon_color=&#187;#CBDED7&#8243; image_icon_width=&#187;26px&#187; _builder_version=&#187;4.27.5&#8243; _module_preset=&#187;default&#187; header_font_size=&#187;32px&#187; background_color=&#187;#EFF8F5&#8243; text_orientation=&#187;center&#187; custom_padding=&#187;30px|30px|30px|30px|true|true&#187; link_option_url=&#187;tel:00491602232798&#8243; hover_enabled=&#187;0&#8243; border_radii=&#187;on|10px|10px|10px|10px&#187; border_width_all=&#187;1px&#187; border_color_all=&#187;#CBDED7&#8243; locked=&#187;off&#187; global_colors_info=&#187;{}&#187; sticky_enabled=&#187;0&#8243;]<\/p>\n<p>+41 (0) 41 740 61 20<\/p>\n<p>[\/et_pb_blurb][\/et_pb_column][\/et_pb_row][et_pb_row _builder_version=&#187;4.27.2&#8243; _module_preset=&#187;default&#187; global_colors_info=&#187;{}&#187;][et_pb_column type=&#187;4_4&#8243; _builder_version=&#187;4.27.2&#8243; _module_preset=&#187;default&#187; global_colors_info=&#187;{}&#187;][et_pb_text _builder_version=&#187;4.27.2&#8243; _module_preset=&#187;default&#187; locked=&#187;off&#187; global_colors_info=&#187;{}&#187;]<\/p>\n<h2>Unsere B\u00fcros<\/h2>\n<p>[\/et_pb_text][\/et_pb_column][\/et_pb_row][et_pb_row column_structure=&#187;1_3,1_3,1_3&#8243; _builder_version=&#187;4.27.4&#8243; _module_preset=&#187;default&#187; custom_padding=&#187;0px|||||&#187; global_colors_info=&#187;{}&#187;][et_pb_column type=&#187;1_3&#8243; _builder_version=&#187;4.27.2&#8243; _module_preset=&#187;default&#187; global_colors_info=&#187;{}&#187;][et_pb_image src=&#187;https:\/\/korint.eu\/wp-content\/uploads\/2024\/11\/zug-plaatshouder.jpg&#187; title_text=&#187;zug Platzhalter&#187; _builder_version=&#187;4.27.4&#8243; _module_preset=&#187;default&#187; custom_css_after=&#187;content:&#8217;Hauptsitz Schweiz \ud83c\udde8\ud83c\udded&#8216;;||display:block;||position:absolute;||right:0;||bottom:0;||background:#ffffff;||padding:16px 0 8px 10px;||font-size:14px;||border-top-left-radius:5px;&#187; border_radii=&#187;on|5px|5px|5px|5px&#187; locked=&#187;off&#187; global_colors_info=&#187;{}&#187;][\/et_pb_image][et_pb_text _builder_version=&#187;4.27.2&#8243; _module_preset=&#187;default&#187; locked=&#187;off&#187; global_colors_info=&#187;{}&#187;]<\/p>\n<h3>Zug<\/h3>\n<p>Grabenstrasse 32 CH6300, Zug Schweiz<br \/>\n[\/et_pb_text][et_pb_blurb url=&#187;mailto:info@koraal.ch&#187; use_icon=&#187;on&#187; font_icon=&#187;&#xf1d8;||fa||900&#8243; icon_color=&#187;#31493F&#187; icon_placement=&#187;left&#187; image_icon_width=&#187;18px&#187; _builder_version=&#187;4.27.2&#8243; _module_preset=&#187;default&#187; body_line_height=&#187;1em&#187; custom_margin=&#187;||20px||false|false&#187; link_option_url=&#187;mailto:info@koraal.ch&#187; custom_css_blurb_image=&#187;width:18px;&#187; locked=&#187;off&#187; global_colors_info=&#187;{}&#187;]info@koraal.ch<br \/>\n[\/et_pb_blurb][et_pb_blurb url=&#187;tel:0041417406120&#8243; use_icon=&#187;on&#187; font_icon=&#187;&#xe090;||divi||400&#8243; icon_color=&#187;#31493F&#187; icon_placement=&#187;left&#187; image_icon_width=&#187;18px&#187; _builder_version=&#187;4.27.2&#8243; _module_preset=&#187;default&#187; body_line_height=&#187;1em&#187; link_option_url=&#187;tel:0041417406120&#8243; custom_css_blurb_image=&#187;width:18px;&#187; locked=&#187;off&#187; global_colors_info=&#187;{}&#187;]+41 (0) 41 740 61 20<br \/>\n[\/et_pb_blurb][\/et_pb_column][et_pb_column type=&#187;1_3&#8243; _builder_version=&#187;4.27.2&#8243; _module_preset=&#187;default&#187; global_colors_info=&#187;{}&#187;][et_pb_image src=&#187;https:\/\/korint.eu\/wp-content\/uploads\/2024\/11\/tilburg-plaatshouder.jpg&#187; title_text=&#187;tilburg Platzhalter&#187; _builder_version=&#187;4.27.4&#8243; _module_preset=&#187;default&#187; custom_css_after=&#187;content:&#8217;Hauptsitz Niederlanden \ud83c\uddf3\ud83c\uddf1&#8216;;||display:block;||position:absolute;||right:0;||bottom:0;||background:#ffffff;||padding:16px 0 8px 10px;||font-size:14px;||border-top-left-radius:5px;&#187; border_radii=&#187;on|5px|5px|5px|5px&#187; global_colors_info=&#187;{}&#187;][\/et_pb_image][et_pb_text _builder_version=&#187;4.27.2&#8243; _module_preset=&#187;default&#187; locked=&#187;off&#187; global_colors_info=&#187;{}&#187;]<\/p>\n<h3>Tilburg<\/h3>\n<p>Bredaseweg 204-11 5038NK Tilburg Niederlande<br \/>\n[\/et_pb_text][et_pb_blurb url=&#187;mailto:%20info@korint.nl&#187; use_icon=&#187;on&#187; font_icon=&#187;&#xf1d8;||fa||900&#8243; icon_color=&#187;#31493F&#187; icon_placement=&#187;left&#187; image_icon_width=&#187;18px&#187; _builder_version=&#187;4.27.2&#8243; _module_preset=&#187;default&#187; body_line_height=&#187;1em&#187; custom_margin=&#187;||20px||false|false&#187; link_option_url=&#187;mailto: info@korint.nl&#187; custom_css_blurb_image=&#187;width:18px;&#187; global_colors_info=&#187;{}&#187;]info@korint.nl<br \/>\n[\/et_pb_blurb][et_pb_blurb url=&#187;tel:0031135821681&#8243; use_icon=&#187;on&#187; font_icon=&#187;&#xe090;||divi||400&#8243; icon_color=&#187;#31493F&#187; icon_placement=&#187;left&#187; image_icon_width=&#187;18px&#187; _builder_version=&#187;4.27.2&#8243; _module_preset=&#187;default&#187; body_line_height=&#187;1em&#187; link_option_url=&#187;tel:0031135821681&#8243; custom_css_blurb_image=&#187;width:18px;&#187; global_colors_info=&#187;{}&#187;]+31 (0)13 582 16 81<br \/>\n[\/et_pb_blurb][\/et_pb_column][et_pb_column type=&#187;1_3&#8243; _builder_version=&#187;4.27.2&#8243; _module_preset=&#187;default&#187; global_colors_info=&#187;{}&#187;][et_pb_image src=&#187;https:\/\/korint.eu\/wp-content\/uploads\/2024\/11\/winterswijk-plaatshouder.jpg&#187; title_text=&#187;Winterswijk Platzhalter&#187; _builder_version=&#187;4.27.4&#8243; _module_preset=&#187;default&#187; custom_css_after=&#187;content:&#8217;Hauptsitz Deutschland \ud83c\udde9\ud83c\uddea&#8216;;||display:block;||position:absolute;||right:0;||bottom:0;||background:#ffffff;||padding:16px 0 8px 10px;||font-size:14px;||border-top-left-radius:5px;&#187; border_radii=&#187;on|5px|5px|5px|5px&#187; locked=&#187;off&#187; global_colors_info=&#187;{}&#187;][\/et_pb_image][et_pb_text _builder_version=&#187;4.27.2&#8243; _module_preset=&#187;default&#187; locked=&#187;off&#187; global_colors_info=&#187;{}&#187;]<\/p>\n<h3>Winterswijk<\/h3>\n<p>Burgemeester Bosmastraat 41 7101 DE Winterswijk Niederlande<br \/>\n[\/et_pb_text][et_pb_blurb url=&#187;mailto:%20info@korint.nl&#187; use_icon=&#187;on&#187; font_icon=&#187;&#xf1d8;||fa||900&#8243; icon_color=&#187;#31493F&#187; icon_placement=&#187;left&#187; image_icon_width=&#187;18px&#187; _builder_version=&#187;4.27.2&#8243; _module_preset=&#187;default&#187; body_line_height=&#187;1em&#187; custom_margin=&#187;||20px||false|false&#187; link_option_url=&#187;mailto: info@korint.nl&#187; custom_css_blurb_image=&#187;width:18px;&#187; locked=&#187;off&#187; global_colors_info=&#187;{}&#187;]info@korint.de<br \/>\n[\/et_pb_blurb][et_pb_blurb url=&#187;tel:00491602232798&#8243; use_icon=&#187;on&#187; font_icon=&#187;&#xe090;||divi||400&#8243; icon_color=&#187;#31493F&#187; icon_placement=&#187;left&#187; image_icon_width=&#187;18px&#187; _builder_version=&#187;4.27.5&#8243; _module_preset=&#187;default&#187; body_line_height=&#187;1em&#187; link_option_url=&#187;tel:00491602232798&#8243; hover_enabled=&#187;0&#8243; custom_css_blurb_image=&#187;width:18px;&#187; locked=&#187;off&#187; global_colors_info=&#187;{}&#187; sticky_enabled=&#187;0&#8243;]<\/p>\n<p>+41 (0) 41 740 61 20<\/p>\n<p>[\/et_pb_blurb][\/et_pb_column][\/et_pb_row][\/et_pb_section][et_pb_section fb_built=&#187;1&#8243; _builder_version=&#187;4.27.4&#8243; _module_preset=&#187;default&#187; background_color=&#187;#0A363C&#187; use_background_color_gradient=&#187;on&#187; background_color_gradient_stops=&#187;#ffffff 50%|#00272d 50%&#187; background_enable_mask_style=&#187;on&#187; background_mask_style=&#187;arch&#187; background_mask_transform=&#187;invert|rotate_90_degree&#187; saved_tabs=&#187;all&#187; locked=&#187;off&#187; global_colors_info=&#187;{}&#187;][et_pb_row column_structure=&#187;1_2,1_2&#8243; make_equal=&#187;on&#187; custom_padding_last_edited=&#187;on|desktop&#187; module_class=&#187;btn-inline-right&#187; _builder_version=&#187;4.27.4&#8243; _module_preset=&#187;9a22613d-4a4d-40c1-b9c6-9591b07faf49&#8243; background_color=&#187;#00272D&#187; background_enable_mask_style=&#187;on&#187; background_mask_style=&#187;honeycomb&#187; background_mask_color=&#187;rgba(227,255,204,0.1)&#187; background_mask_transform=&#187;invert&#187; background_mask_size=&#187;cover&#187; background_mask_position=&#187;top_right&#187; background_mask_horizontal_offset=&#187;0%&#187; width=&#187;100%&#187; custom_padding=&#187;50px|50px|50px|50px|true|true&#187; custom_padding_tablet=&#187;40px|40px|40px|40px|true|true&#187; custom_padding_phone=&#187;30px|30px|30px|30px|true|true&#187; scroll_vertical_motion_enable=&#187;on&#187; scroll_vertical_motion=&#187;0|40|40|100|2|0|0&#8243; scroll_scaling_enable=&#187;on&#187; scroll_scaling=&#187;0|40|40|100|70|100|100&#8243; motion_trigger_start=&#187;top&#187; custom_css_main_element=&#187;align-items:flex-end;&#187; box_shadow_style=&#187;preset1&#8243; box_shadow_vertical=&#187;0px&#187; box_shadow_blur=&#187;20px&#187; global_colors_info=&#187;{}&#187;][et_pb_column type=&#187;1_2&#8243; _builder_version=&#187;4.27.4&#8243; _module_preset=&#187;default&#187; global_colors_info=&#187;{}&#187;][et_pb_text _builder_version=&#187;4.27.4&#8243; header_2_text_color=&#187;#E3FFCC&#187; background_layout=&#187;dark&#187; locked=&#187;off&#187; global_colors_info=&#187;{}&#187;]<\/p>\n<h2>Geben Sie Ihrer Karriere den Korint\u00ae-Schub \ud83d\ude80<\/h2>\n<p>Hinterlassen Sie Ihre Angaben auf unserem Anmeldeformular oder buchen Sie ein kostenloses und unverbindliches Beratungsgespr\u00e4ch mit einem unserer Berater.<br \/>\n[\/et_pb_text][\/et_pb_column][et_pb_column type=&#187;1_2&#8243; _builder_version=&#187;4.27.4&#8243; _module_preset=&#187;default&#187; global_colors_info=&#187;{}&#187;][et_pb_button button_url=&#187;@ET-DC@eyJkeW5hbWljIjp0cnVlLCJjb250ZW50IjoicG9zdF9saW5rX3VybF9wYWdlIiwic2V0dGluZ3MiOnsicG9zdF9pZCI6IjEwMzkiLCJlbmFibGVfaHRtbCI6Im9mZiJ9fQ==@&#187; button_text=&#187;Anmelden&#187; _builder_version=&#187;4.27.4&#8243; _dynamic_attributes=&#187;button_url&#187; _module_preset=&#187;95a81d9e-05d3-4903-b688-fe17a9ba1607&#8243; global_colors_info=&#187;{}&#187;][\/et_pb_button][et_pb_button button_url=&#187;@ET-DC@eyJkeW5hbWljIjp0cnVlLCJjb250ZW50IjoicG9zdF9saW5rX3VybF9wYWdlIiwic2V0dGluZ3MiOnsicG9zdF9pZCI6IjEwOTgiLCJlbmFibGVfaHRtbCI6Im9mZiJ9fQ==@&#187; button_text=&#187;Beratung buchen&#187; _builder_version=&#187;4.27.4&#8243; _dynamic_attributes=&#187;button_url&#187; _module_preset=&#187;0c18befe-4b19-4e6e-afe9-8ea333cad736&#8243; global_colors_info=&#187;{}&#187;][\/et_pb_button][\/et_pb_column][\/et_pb_row][\/et_pb_section]<\/p>\n","protected":false},"excerpt":{"rendered":"<p><span><span><a href=\"https:\/\/korint.eu\/ch\/\">Home<\/a><\/span><\/span> Kontaktieren Sie uns Wir sind f\u00fcr Sie da. Heute, morgen und \u00fcbermorgen. info@korint.eu +41 (0) 41 740 61 20Unsere B\u00fcros Zug Grabenstrasse 32 CH6300, Zug Schweiz info@koraal.ch +41 (0) 41 740 61 20 Tilburg Bredaseweg 204-11 5038NK Tilburg Niederlande info@korint.nl +31 (0)13 582 16 81 Winterswijk Burgemeester Bosmastraat 41 7101 DE Winterswijk Niederlande info@korint.de [&hellip;]<\/p>\n","protected":false},"author":8,"featured_media":0,"parent":0,"menu_order":9,"comment_status":"closed","ping_status":"closed","template":"","meta":{"_et_pb_use_builder":"on","_et_pb_old_content":"","_et_gb_content_width":"","footnotes":""},"class_list":["post-9095","page","type-page","status-publish","hentry"],"yoast_head":"<!-- This site is optimized with the Yoast SEO plugin v27.3 - https:\/\/yoast.com\/product\/yoast-seo-wordpress\/ -->\n<title>Kontakt - Korint\u00ae<\/title>\n<meta name=\"robots\" content=\"index, follow, max-snippet:-1, max-image-preview:large, max-video-preview:-1\" \/>\n<link rel=\"canonical\" href=\"https:\/\/korint.eu\/ch\/kontakt\/\" \/>\n<meta property=\"og:locale\" content=\"de_DE\" \/>\n<meta property=\"og:type\" content=\"article\" \/>\n<meta property=\"og:title\" content=\"Kontakt - Korint\u00ae\" \/>\n<meta property=\"og:description\" content=\"Kontaktieren Sie uns Wir sind f\u00fcr Sie da. Heute, morgen und \u00fcbermorgen. info@korint.eu +41 (0) 41 740 61 20Unsere B\u00fcros Zug Grabenstrasse 32 CH6300, Zug Schweiz info@koraal.ch +41 (0) 41 740 61 20 Tilburg Bredaseweg 204-11 5038NK Tilburg Niederlande info@korint.nl +31 (0)13 582 16 81 Winterswijk Burgemeester Bosmastraat 41 7101 DE Winterswijk Niederlande info@korint.de [&hellip;]\" \/>\n<meta property=\"og:url\" content=\"https:\/\/korint.eu\/ch\/kontakt\/\" \/>\n<meta property=\"og:site_name\" content=\"Korint\u00ae\" \/>\n<meta property=\"article:publisher\" content=\"https:\/\/www.facebook.com\/korintnederland\/\" \/>\n<meta property=\"article:modified_time\" content=\"2026-02-24T10:14:08+00:00\" \/>\n<meta name=\"twitter:card\" content=\"summary_large_image\" \/>\n<meta name=\"twitter:label1\" content=\"Gesch\u00e4tzte Lesezeit\" \/>\n\t<meta name=\"twitter:data1\" content=\"2\u00a0Minuten\" \/>\n<script type=\"application\/ld+json\" class=\"yoast-schema-graph\">{\"@context\":\"https:\\\/\\\/schema.org\",\"@graph\":[{\"@type\":\"WebPage\",\"@id\":\"https:\\\/\\\/korint.eu\\\/ch\\\/kontakt\\\/\",\"url\":\"https:\\\/\\\/korint.eu\\\/ch\\\/kontakt\\\/\",\"name\":\"Kontakt - Korint\u00ae\",\"isPartOf\":{\"@id\":\"https:\\\/\\\/korint.eu\\\/ch\\\/#website\"},\"datePublished\":\"2024-10-29T10:36:53+00:00\",\"dateModified\":\"2026-02-24T10:14:08+00:00\",\"breadcrumb\":{\"@id\":\"https:\\\/\\\/korint.eu\\\/ch\\\/kontakt\\\/#breadcrumb\"},\"inLanguage\":\"de-CH\",\"potentialAction\":[{\"@type\":\"ReadAction\",\"target\":[\"https:\\\/\\\/korint.eu\\\/ch\\\/kontakt\\\/\"]}]},{\"@type\":\"BreadcrumbList\",\"@id\":\"https:\\\/\\\/korint.eu\\\/ch\\\/kontakt\\\/#breadcrumb\",\"itemListElement\":[{\"@type\":\"ListItem\",\"position\":1,\"name\":\"Home\",\"item\":\"https:\\\/\\\/korint.eu\\\/ch\\\/\"},{\"@type\":\"ListItem\",\"position\":2,\"name\":\"Kontakt\"}]},{\"@type\":\"WebSite\",\"@id\":\"https:\\\/\\\/korint.eu\\\/ch\\\/#website\",\"url\":\"https:\\\/\\\/korint.eu\\\/ch\\\/\",\"name\":\"Korint\u00ae\",\"description\":\"Flexibele carri\u00e8re mogelijkheden voor zorgprofessionals\",\"publisher\":{\"@id\":\"https:\\\/\\\/korint.eu\\\/ch\\\/#organization\"},\"potentialAction\":[{\"@type\":\"SearchAction\",\"target\":{\"@type\":\"EntryPoint\",\"urlTemplate\":\"https:\\\/\\\/korint.eu\\\/ch\\\/?s={search_term_string}\"},\"query-input\":{\"@type\":\"PropertyValueSpecification\",\"valueRequired\":true,\"valueName\":\"search_term_string\"}}],\"inLanguage\":\"de-CH\"},{\"@type\":\"Organization\",\"@id\":\"https:\\\/\\\/korint.eu\\\/ch\\\/#organization\",\"name\":\"Korint\u00ae\",\"url\":\"https:\\\/\\\/korint.eu\\\/ch\\\/\",\"logo\":{\"@type\":\"ImageObject\",\"inLanguage\":\"de-CH\",\"@id\":\"https:\\\/\\\/korint.eu\\\/ch\\\/#\\\/schema\\\/logo\\\/image\\\/\",\"url\":\"https:\\\/\\\/korint.eu\\\/wp-content\\\/uploads\\\/2025\\\/01\\\/Vacature-icon-korint\u00ae.jpg\",\"contentUrl\":\"https:\\\/\\\/korint.eu\\\/wp-content\\\/uploads\\\/2025\\\/01\\\/Vacature-icon-korint\u00ae.jpg\",\"width\":1000,\"height\":1000,\"caption\":\"Korint\u00ae\"},\"image\":{\"@id\":\"https:\\\/\\\/korint.eu\\\/ch\\\/#\\\/schema\\\/logo\\\/image\\\/\"},\"sameAs\":[\"https:\\\/\\\/www.facebook.com\\\/korintnederland\\\/\",\"https:\\\/\\\/www.instagram.com\\\/korint_nederland\\\/\",\"https:\\\/\\\/www.linkedin.com\\\/company\\\/korint-medical-recruitment\\\/\"]}]}<\/script>\n<!-- \/ Yoast SEO plugin. -->","yoast_head_json":{"title":"Kontakt - Korint\u00ae","robots":{"index":"index","follow":"follow","max-snippet":"max-snippet:-1","max-image-preview":"max-image-preview:large","max-video-preview":"max-video-preview:-1"},"canonical":"https:\/\/korint.eu\/ch\/kontakt\/","og_locale":"de_DE","og_type":"article","og_title":"Kontakt - Korint\u00ae","og_description":"Kontaktieren Sie uns Wir sind f\u00fcr Sie da. Heute, morgen und \u00fcbermorgen. info@korint.eu +41 (0) 41 740 61 20Unsere B\u00fcros Zug Grabenstrasse 32 CH6300, Zug Schweiz info@koraal.ch +41 (0) 41 740 61 20 Tilburg Bredaseweg 204-11 5038NK Tilburg Niederlande info@korint.nl +31 (0)13 582 16 81 Winterswijk Burgemeester Bosmastraat 41 7101 DE Winterswijk Niederlande info@korint.de [&hellip;]","og_url":"https:\/\/korint.eu\/ch\/kontakt\/","og_site_name":"Korint\u00ae","article_publisher":"https:\/\/www.facebook.com\/korintnederland\/","article_modified_time":"2026-02-24T10:14:08+00:00","twitter_card":"summary_large_image","twitter_misc":{"Gesch\u00e4tzte Lesezeit":"2\u00a0Minuten"},"schema":{"@context":"https:\/\/schema.org","@graph":[{"@type":"WebPage","@id":"https:\/\/korint.eu\/ch\/kontakt\/","url":"https:\/\/korint.eu\/ch\/kontakt\/","name":"Kontakt - Korint\u00ae","isPartOf":{"@id":"https:\/\/korint.eu\/ch\/#website"},"datePublished":"2024-10-29T10:36:53+00:00","dateModified":"2026-02-24T10:14:08+00:00","breadcrumb":{"@id":"https:\/\/korint.eu\/ch\/kontakt\/#breadcrumb"},"inLanguage":"de-CH","potentialAction":[{"@type":"ReadAction","target":["https:\/\/korint.eu\/ch\/kontakt\/"]}]},{"@type":"BreadcrumbList","@id":"https:\/\/korint.eu\/ch\/kontakt\/#breadcrumb","itemListElement":[{"@type":"ListItem","position":1,"name":"Home","item":"https:\/\/korint.eu\/ch\/"},{"@type":"ListItem","position":2,"name":"Kontakt"}]},{"@type":"WebSite","@id":"https:\/\/korint.eu\/ch\/#website","url":"https:\/\/korint.eu\/ch\/","name":"Korint\u00ae","description":"Flexibele carri\u00e8re mogelijkheden voor zorgprofessionals","publisher":{"@id":"https:\/\/korint.eu\/ch\/#organization"},"potentialAction":[{"@type":"SearchAction","target":{"@type":"EntryPoint","urlTemplate":"https:\/\/korint.eu\/ch\/?s={search_term_string}"},"query-input":{"@type":"PropertyValueSpecification","valueRequired":true,"valueName":"search_term_string"}}],"inLanguage":"de-CH"},{"@type":"Organization","@id":"https:\/\/korint.eu\/ch\/#organization","name":"Korint\u00ae","url":"https:\/\/korint.eu\/ch\/","logo":{"@type":"ImageObject","inLanguage":"de-CH","@id":"https:\/\/korint.eu\/ch\/#\/schema\/logo\/image\/","url":"https:\/\/korint.eu\/wp-content\/uploads\/2025\/01\/Vacature-icon-korint\u00ae.jpg","contentUrl":"https:\/\/korint.eu\/wp-content\/uploads\/2025\/01\/Vacature-icon-korint\u00ae.jpg","width":1000,"height":1000,"caption":"Korint\u00ae"},"image":{"@id":"https:\/\/korint.eu\/ch\/#\/schema\/logo\/image\/"},"sameAs":["https:\/\/www.facebook.com\/korintnederland\/","https:\/\/www.instagram.com\/korint_nederland\/","https:\/\/www.linkedin.com\/company\/korint-medical-recruitment\/"]}]}},"_links":{"self":[{"href":"https:\/\/korint.eu\/ch\/wp-json\/wp\/v2\/pages\/9095","targetHints":{"allow":["GET"]}}],"collection":[{"href":"https:\/\/korint.eu\/ch\/wp-json\/wp\/v2\/pages"}],"about":[{"href":"https:\/\/korint.eu\/ch\/wp-json\/wp\/v2\/types\/page"}],"author":[{"embeddable":true,"href":"https:\/\/korint.eu\/ch\/wp-json\/wp\/v2\/users\/8"}],"replies":[{"embeddable":true,"href":"https:\/\/korint.eu\/ch\/wp-json\/wp\/v2\/comments?post=9095"}],"version-history":[{"count":3,"href":"https:\/\/korint.eu\/ch\/wp-json\/wp\/v2\/pages\/9095\/revisions"}],"predecessor-version":[{"id":9578,"href":"https:\/\/korint.eu\/ch\/wp-json\/wp\/v2\/pages\/9095\/revisions\/9578"}],"wp:attachment":[{"href":"https:\/\/korint.eu\/ch\/wp-json\/wp\/v2\/media?parent=9095"}],"curies":[{"name":"wp","href":"https:\/\/api.w.org\/{rel}","templated":true}]}}