{"id":9092,"date":"2024-10-28T13:54:28","date_gmt":"2024-10-28T12:54:28","guid":{"rendered":"https:\/\/korint.eu\/?page_id=9092"},"modified":"2025-11-13T16:16:25","modified_gmt":"2025-11-13T15:16:25","slug":"stellenangebote","status":"publish","type":"page","link":"https:\/\/korint.eu\/ch\/stellenangebote\/","title":{"rendered":"Stellenangebote"},"content":{"rendered":"<p>[et_pb_section fb_built=&#187;1&#8243; _builder_version=&#187;4.27.4&#8243; _module_preset=&#187;default&#187; background_color=&#187;#0A363C&#187; custom_padding=&#187;0px||0px||false|false&#187; saved_tabs=&#187;all&#187; locked=&#187;off&#187; global_colors_info=&#187;{}&#187;][et_pb_row _builder_version=&#187;4.27.4&#8243; _module_preset=&#187;default&#187; custom_padding=&#187;0px||0px||false|false&#187; global_colors_info=&#187;{}&#187;][et_pb_column type=&#187;4_4&#8243; _builder_version=&#187;4.27.4&#8243; _module_preset=&#187;default&#187; global_colors_info=&#187;{}&#187;][et_pb_text _builder_version=&#187;4.27.4&#8243; _module_preset=&#187;default&#187; text_font=&#187;||||||||&#187; text_font_size=&#187;14px&#187; link_font=&#187;||||||||&#187; link_text_color=&#187;rgba(255,255,255,0.5)&#187; background_layout=&#187;dark&#187; border_width_bottom=&#187;1px&#187; border_color_bottom=&#187;rgba(98,145,125,0.15)&#187; locked=&#187;off&#187; global_colors_info=&#187;{}&#187;]<span><span><a href=\"https:\/\/korint.eu\/ch\/\">Home<\/a><\/span><\/span><br \/>\n[\/et_pb_text][\/et_pb_column][\/et_pb_row][\/et_pb_section][et_pb_section fb_built=&#187;1&#8243; _builder_version=&#187;4.27.4&#8243; _module_preset=&#187;default&#187; background_color=&#187;#0A363C&#187; saved_tabs=&#187;all&#187; locked=&#187;off&#187; global_colors_info=&#187;{}&#187;][et_pb_row _builder_version=&#187;4.27.2&#8243; _module_preset=&#187;default&#187; global_colors_info=&#187;{}&#187;][et_pb_column type=&#187;4_4&#8243; _builder_version=&#187;4.27.2&#8243; _module_preset=&#187;default&#187; global_colors_info=&#187;{}&#187;][et_pb_text _builder_version=&#187;4.27.4&#8243; _module_preset=&#187;default&#187; background_layout=&#187;dark&#187; locked=&#187;off&#187; global_colors_info=&#187;{}&#187;]<\/p>\n<h1>Unser Stellenangebot<\/h1>\n<p>[\/et_pb_text][\/et_pb_column][\/et_pb_row][\/et_pb_section][et_pb_section fb_built=&#187;1&#8243; _builder_version=&#187;4.27.2&#8243; _module_preset=&#187;default&#187; locked=&#187;off&#187; global_colors_info=&#187;{}&#187;][et_pb_row column_structure=&#187;2_3,1_3&#8243; _builder_version=&#187;4.27.2&#8243; _module_preset=&#187;default&#187; global_colors_info=&#187;{}&#187;][et_pb_column type=&#187;2_3&#8243; _builder_version=&#187;4.27.2&#8243; _module_preset=&#187;default&#187; global_colors_info=&#187;{}&#187;][et_pb_code _builder_version=&#187;4.27.2&#8243; _module_preset=&#187;default&#187; global_colors_info=&#187;{}&#187;]<div class=\"job_listings\" data-location=\"\" data-keywords=\"\" data-show_filters=\"true\" data-show_pagination=\"true\" data-per_page=\"30\" data-orderby=\"featured\" data-order=\"DESC\" data-categories=\"\" data-disable-form-state-storage=\"\" data-featured_first=\"false\" data-post_id=\"9092\" >\n<form class=\"job_filters\">\n\t\n\t<div class=\"search_jobs\">\n\t\t\n\t\t<div class=\"search_keywords\">\n\t\t\t<label for=\"search_keywords\">Keywords<\/label>\n\t\t\t<input type=\"text\" name=\"search_keywords\" id=\"search_keywords\" placeholder=\"Suchbegriff\" value=\"\" \/>\n\t\t<\/div>\n\t\t\n\t\t<div class=\"search_location\">\n\t\t\t<label for=\"search_location\">Location<\/label>\n\t\t\t<input type=\"text\" name=\"search_location\" id=\"search_location\" placeholder=\"Ort\" value=\"\" \/>\n\t\t<\/div>\n\t\t\n\t\t\t\t\t<div class=\"search_categories\">\n\t\t\t\t<label for=\"search_categories\">Category<\/label>\n\t\t\t\t\t\t\t\t\t<select name='search_categories[]' id='search_categories' class='job-manager-category-dropdown ' multiple='multiple' data-placeholder='Selecteer vakgebied(en)' data-no_results_text='No results match' data-multiple_text='Select Some Options'>\n\t<option class=\"level-0\" value=\"244\">An\u00e4sthesiepfleger\/-in<\/option>\n\t<option class=\"level-0\" value=\"245\">\u00c4rzte<\/option>\n\t<option class=\"level-0\" value=\"251\">Intensivpfleger\/-in<\/option>\n\t<option class=\"level-0\" value=\"253\">Leiter\/in<\/option>\n\t<option class=\"level-0\" value=\"250\">MTRA<\/option>\n\t<option class=\"level-0\" value=\"252\">Pflegefachfrau\/-mann<\/option>\n\t<option class=\"level-0\" value=\"246\">Physiotherapeut\/-in<\/option>\n\t<option class=\"level-1\" value=\"248\">&nbsp;&nbsp;&nbsp;Manueller Therapeut<\/option>\n\t<option class=\"level-0\" value=\"249\">TOA \/ OTA<\/option>\n<\/select>\n\t\t\t\t\t\t\t<\/div>\n\t\t\n\t\t\t\t\t<div class=\"search_submit\">\n\t\t\t\t<input type=\"submit\" value=\"Search Jobs\">\n\t\t\t<\/div>\n\t\t\n\t\t\t<\/div>\n\n\t\t<ul class=\"job_types\">\n\t\t\t\t\t<li><label for=\"job_type_festanstellung\" class=\"festanstellung\"><input type=\"checkbox\" name=\"filter_job_type[]\" value=\"festanstellung\"  checked='checked' id=\"job_type_festanstellung\" \/> Festanstellung<\/label><\/li>\n\t\t\t\t\t<li><label for=\"job_type_rekrutierung-und-auswahl\" class=\"rekrutierung-und-auswahl\"><input type=\"checkbox\" name=\"filter_job_type[]\" value=\"rekrutierung-und-auswahl\"  checked='checked' id=\"job_type_rekrutierung-und-auswahl\" \/> Rekrutierung und Auswahl<\/label><\/li>\n\t\t\t\t\t<li><label for=\"job_type_temporar\" class=\"temporaer\"><input type=\"checkbox\" name=\"filter_job_type[]\" value=\"temporar\"  checked='checked' id=\"job_type_temporar\" \/> Tempor\u00e4r<\/label><\/li>\n\t\t\t<\/ul>\n\t<input type=\"hidden\" name=\"filter_job_type[]\" value=\"\" \/>\n<div class=\"showing_jobs\"><\/div><\/form>\n\n\n<noscript>Your browser does not support JavaScript, or it is disabled. JavaScript must be enabled in order to view listings.<\/noscript>\n<ul class=\"job_listings\">\n<\/ul>\n<\/div>[\/et_pb_code][\/et_pb_column][et_pb_column type=&#187;1_3&#8243; _builder_version=&#187;4.27.2&#8243; _module_preset=&#187;default&#187; global_colors_info=&#187;{}&#187;][et_pb_cta title=&#187;Ist Ihr Traumjob nicht dabei?&#187; button_url=&#187;@ET-DC@eyJkeW5hbWljIjp0cnVlLCJjb250ZW50IjoicG9zdF9saW5rX3VybF9wYWdlIiwic2V0dGluZ3MiOnsicG9zdF9pZCI6IjEwMzkiLCJlbmFibGVfaHRtbCI6Im9mZiJ9fQ==@&#187; button_text=&#187;Anwendung \u00f6ffnen&#187; _builder_version=&#187;4.27.4&#8243; _dynamic_attributes=&#187;button_url,link_option_url&#187; _module_preset=&#187;default&#187; text_orientation=&#187;left&#187; link_option_url=&#187;@ET-DC@eyJkeW5hbWljIjp0cnVlLCJjb250ZW50IjoicG9zdF9saW5rX3VybF9wYWdlIiwic2V0dGluZ3MiOnsicG9zdF9pZCI6IjEwMzkiLCJlbmFibGVfaHRtbCI6Im9mZiJ9fQ==@&#187; global_colors_info=&#187;{}&#187;]Kein Grund zur Sorge! Wir schrecken nicht vor einer Herausforderung zur\u00fcck. Schicken Sie uns eine offene Bewerbung und wir schauen uns gemeinsam Ihre M\u00f6glichkeiten an!<br \/>\n[\/et_pb_cta][et_pb_divider _builder_version=&#187;4.27.4&#8243; _module_preset=&#187;default&#187; global_colors_info=&#187;{}&#187;][\/et_pb_divider][et_pb_text _builder_version=&#187;4.27.4&#8243; _module_preset=&#187;default&#187; locked=&#187;off&#187; global_colors_info=&#187;{}&#187;]<\/p>\n<h3>Die Vorteile der Arbeit bei oder durch Korint\u00ae?<\/h3>\n<p>[\/et_pb_text][et_pb_blurb use_icon=&#187;on&#187; font_icon=&#187;&#x4e;||divi||400&#8243; icon_placement=&#187;left&#187; image_icon_width=&#187;20px&#187; _builder_version=&#187;4.27.4&#8243; _module_preset=&#187;default&#187; image_icon_custom_margin=&#187;||||false|false&#187; image_icon_custom_padding=&#187;8px||8px||true|false&#187; custom_margin=&#187;||0px||false|false&#187; custom_css_blurb_image=&#187;width:20px;&#187; locked=&#187;off&#187; global_colors_info=&#187;{}&#187;]<\/p>\n<p class=\"p1\">Flexibilit\u00e4t bei Arbeitszeiten und Arbeit<\/p>\n<p>[\/et_pb_blurb][et_pb_blurb use_icon=&#187;on&#187; font_icon=&#187;&#x4e;||divi||400&#8243; icon_placement=&#187;left&#187; image_icon_width=&#187;20px&#187; _builder_version=&#187;4.27.4&#8243; _module_preset=&#187;default&#187; image_icon_custom_margin=&#187;||||false|false&#187; image_icon_custom_padding=&#187;8px||8px||true|false&#187; custom_margin=&#187;||0px||false|false&#187; custom_css_blurb_image=&#187;width:20px;&#187; locked=&#187;off&#187; global_colors_info=&#187;{}&#187;]<\/p>\n<p class=\"p1\">Gehen Sie (vor\u00fcbergehend) ins Ausland zum Arbeiten<\/p>\n<p>[\/et_pb_blurb][et_pb_blurb use_icon=&#187;on&#187; font_icon=&#187;&#x4e;||divi||400&#8243; icon_placement=&#187;left&#187; image_icon_width=&#187;20px&#187; _builder_version=&#187;4.27.4&#8243; _module_preset=&#187;default&#187; image_icon_custom_margin=&#187;||||false|false&#187; image_icon_custom_padding=&#187;8px||8px||true|false&#187; custom_margin=&#187;||0px||false|false&#187; custom_css_blurb_image=&#187;width:20px;&#187; locked=&#187;off&#187; global_colors_info=&#187;{}&#187;]<\/p>\n<p class=\"p1\">H\u00f6heres Gehalt als bei einer Festanstellung<\/p>\n<p>[\/et_pb_blurb][et_pb_blurb use_icon=&#187;on&#187; font_icon=&#187;&#x4e;||divi||400&#8243; icon_placement=&#187;left&#187; image_icon_width=&#187;20px&#187; _builder_version=&#187;4.27.4&#8243; _module_preset=&#187;default&#187; image_icon_custom_margin=&#187;||||false|false&#187; image_icon_custom_padding=&#187;8px||8px||true|false&#187; custom_margin=&#187;||0px||false|false&#187; custom_css_blurb_image=&#187;width:20px;&#187; locked=&#187;off&#187; global_colors_info=&#187;{}&#187;]<\/p>\n<p class=\"p1\">Leihwagen und\/oder Fahrrad (auch zur privaten Nutzung)<\/p>\n<p>[\/et_pb_blurb][et_pb_blurb use_icon=&#187;on&#187; font_icon=&#187;&#x4e;||divi||400&#8243; icon_placement=&#187;left&#187; image_icon_width=&#187;20px&#187; _builder_version=&#187;4.27.4&#8243; _module_preset=&#187;default&#187; image_icon_custom_margin=&#187;||||false|false&#187; image_icon_custom_padding=&#187;8px||8px||true|false&#187; custom_margin=&#187;||0px||false|false&#187; custom_css_blurb_image=&#187;width:20px;&#187; locked=&#187;off&#187; global_colors_info=&#187;{}&#187;]<\/p>\n<p class=\"p1\">Kostenlose Weiterbildungen und Kurse<\/p>\n<p>[\/et_pb_blurb][et_pb_blurb use_icon=&#187;on&#187; font_icon=&#187;&#x4e;||divi||400&#8243; icon_placement=&#187;left&#187; image_icon_width=&#187;20px&#187; _builder_version=&#187;4.27.4&#8243; _module_preset=&#187;default&#187; image_icon_custom_margin=&#187;||||false|false&#187; image_icon_custom_padding=&#187;8px||8px||true|false&#187; custom_margin=&#187;||0px||false|false&#187; custom_css_blurb_image=&#187;width:20px;&#187; locked=&#187;off&#187; global_colors_info=&#187;{}&#187;]<\/p>\n<p class=\"p1\">Willkommensbonus von \u20ac1500<\/p>\n<p>[\/et_pb_blurb][\/et_pb_column][\/et_pb_row][\/et_pb_section][et_pb_section fb_built=&#187;1&#8243; _builder_version=&#187;4.27.4&#8243; _module_preset=&#187;default&#187; saved_tabs=&#187;all&#187; locked=&#187;off&#187; global_colors_info=&#187;{}&#187;][et_pb_row column_structure=&#187;2_3,1_3&#8243; _builder_version=&#187;4.27.4&#8243; _module_preset=&#187;default&#187; global_colors_info=&#187;{}&#187;][et_pb_column type=&#187;2_3&#8243; _builder_version=&#187;4.27.2&#8243; _module_preset=&#187;default&#187; global_colors_info=&#187;{}&#187;][et_pb_text _builder_version=&#187;4.27.4&#8243; _module_preset=&#187;default&#187; global_colors_info=&#187;{}&#187;]<\/p>\n<h2>Lassen Sie sich von anderen inspirieren<\/h2>\n<p>Lesen Sie, wie andere medizinische Fachkr\u00e4fte ihre Tr\u00e4ume mit Korint\u00ae verwirklicht haben.<br \/>\n[\/et_pb_text][\/et_pb_column][et_pb_column type=&#187;1_3&#8243; _builder_version=&#187;4.27.2&#8243; _module_preset=&#187;default&#187; global_colors_info=&#187;{}&#187;][et_pb_button button_url=&#187;https:\/\/korint.eu\/de\/categorie\/erfahrungsberichte\/&#187; button_text=&#187;Alle Erfahrungsberichte anzeigen&#187; button_alignment=&#187;right&#187; button_alignment_tablet=&#187;left&#187; button_alignment_phone=&#187;&#187; button_alignment_last_edited=&#187;on|phone&#187; _builder_version=&#187;4.27.4&#8243; _module_preset=&#187;default&#187; locked=&#187;off&#187; global_colors_info=&#187;{}&#187;][\/et_pb_button][\/et_pb_column][\/et_pb_row][et_pb_row _builder_version=&#187;4.27.4&#8243; _module_preset=&#187;default&#187; custom_padding=&#187;0px|||||&#187; global_colors_info=&#187;{}&#187;][et_pb_column type=&#187;4_4&#8243; _builder_version=&#187;4.27.4&#8243; _module_preset=&#187;default&#187; global_colors_info=&#187;{}&#187;][et_pb_blog posts_number=&#187;3&#8243; include_categories=&#187;6&#8243; _builder_version=&#187;4.27.4&#8243; _module_preset=&#187;default&#187; global_colors_info=&#187;{}&#187;][\/et_pb_blog][\/et_pb_column][\/et_pb_row][\/et_pb_section][et_pb_section fb_built=&#187;1&#8243; _builder_version=&#187;4.27.4&#8243; _module_preset=&#187;default&#187; background_color=&#187;#0A363C&#187; use_background_color_gradient=&#187;on&#187; background_color_gradient_stops=&#187;#ffffff 50%|#00272d 50%&#187; saved_tabs=&#187;all&#187; global_colors_info=&#187;{}&#187;][et_pb_row column_structure=&#187;3_5,2_5&#8243; make_equal=&#187;on&#187; custom_padding_last_edited=&#187;off|desktop&#187; module_class=&#187;btn-inline-right&#187; _builder_version=&#187;4.27.4&#8243; _module_preset=&#187;default&#187; background_color=&#187;#E3FFCC&#187; background_image=&#187;https:\/\/korint.eu\/wp-content\/uploads\/2025\/01\/CTA-BG.png&#187; background_size=&#187;contain&#187; background_position=&#187;bottom_right&#187; width=&#187;95%&#187; custom_padding=&#187;2.5%|2.5%|2.5%|2.5%|true|true&#187; custom_padding_tablet=&#187;2.5%|2.5%|2.5%|2.5%|true|true&#187; custom_css_main_element=&#187;align-items:center;&#187; global_colors_info=&#187;{}&#187;][et_pb_column type=&#187;3_5&#8243; _builder_version=&#187;4.27.2&#8243; _module_preset=&#187;default&#187; global_colors_info=&#187;{}&#187;][et_pb_text _builder_version=&#187;4.27.4&#8243; header_2_font_size=&#187;3vw&#187; custom_margin=&#187;||0px||false|false&#187; header_2_font_size_tablet=&#187;6vw&#187; header_2_font_size_phone=&#187;7vw&#187; header_2_font_size_last_edited=&#187;on|desktop&#187; text_orientation_tablet=&#187;center&#187; text_orientation_phone=&#187;&#187; text_orientation_last_edited=&#187;on|tablet&#187; locked=&#187;off&#187; global_colors_info=&#187;{}&#187;]<\/p>\n<h2>Geben Sie Ihrer Karriere den Korint\u00ae-Schub \ud83d\ude80<\/h2>\n<p>Hinterlassen Sie Ihre Angaben auf unserem Anmeldeformular oder buchen Sie ein kostenloses und unverbindliches Beratungsgespr\u00e4ch mit einem unserer Berater.<br \/>\n[\/et_pb_text][\/et_pb_column][et_pb_column type=&#187;2_5&#8243; _builder_version=&#187;4.27.4&#8243; _module_preset=&#187;default&#187; global_colors_info=&#187;{}&#187;][et_pb_button button_url=&#187;@ET-DC@eyJkeW5hbWljIjp0cnVlLCJjb250ZW50IjoicG9zdF9saW5rX3VybF9wYWdlIiwic2V0dGluZ3MiOnsicG9zdF9pZCI6IjEwMzkiLCJlbmFibGVfaHRtbCI6Im9mZiJ9fQ==@&#187; button_text=&#187;Anmelden&#187; _builder_version=&#187;4.27.4&#8243; _dynamic_attributes=&#187;button_url&#187; _module_preset=&#187;95a81d9e-05d3-4903-b688-fe17a9ba1607&#8243; global_colors_info=&#187;{}&#187; button_border_width__hover_enabled=&#187;off|desktop&#187; button_border_color__hover_enabled=&#187;on|hover&#187; button_border_color__hover=&#187;#FFFFFF&#187;][\/et_pb_button][et_pb_button button_url=&#187;@ET-DC@eyJkeW5hbWljIjp0cnVlLCJjb250ZW50IjoicG9zdF9saW5rX3VybF9wYWdlIiwic2V0dGluZ3MiOnsicG9zdF9pZCI6IjEwOTgiLCJlbmFibGVfaHRtbCI6Im9mZiJ9fQ==@&#187; button_text=&#187;Beratung buchen&#187; _builder_version=&#187;4.27.4&#8243; _dynamic_attributes=&#187;button_url&#187; _module_preset=&#187;83d91135-1907-4a47-b237-2f6cdceec97c&#187; global_colors_info=&#187;{}&#187;][\/et_pb_button][\/et_pb_column][\/et_pb_row][\/et_pb_section]<\/p>\n","protected":false},"excerpt":{"rendered":"<p><span><span><a href=\"https:\/\/korint.eu\/ch\/\">Home<\/a><\/span><\/span> Unser Stellenangebot <div class=\"job_listings\" data-location=\"\" data-keywords=\"\" data-show_filters=\"true\" data-show_pagination=\"true\" data-per_page=\"30\" data-orderby=\"featured\" data-order=\"DESC\" data-categories=\"\" data-disable-form-state-storage=\"\" data-featured_first=\"false\" data-post_id=\"9092\" >\n<form class=\"job_filters\">\n\t\n\t<div class=\"search_jobs\">\n\t\t\n\t\t<div class=\"search_keywords\">\n\t\t\t<label for=\"search_keywords\">Keywords<\/label>\n\t\t\t<input type=\"text\" name=\"search_keywords\" id=\"search_keywords\" placeholder=\"Suchbegriff\" value=\"\" \/>\n\t\t<\/div>\n\t\t\n\t\t<div class=\"search_location\">\n\t\t\t<label for=\"search_location\">Location<\/label>\n\t\t\t<input type=\"text\" name=\"search_location\" id=\"search_location\" placeholder=\"Ort\" value=\"\" \/>\n\t\t<\/div>\n\t\t\n\t\t\t\t\t<div class=\"search_categories\">\n\t\t\t\t<label for=\"search_categories\">Category<\/label>\n\t\t\t\t\t\t\t\t\t<select name='search_categories[]' id='search_categories' class='job-manager-category-dropdown ' multiple='multiple' data-placeholder='Selecteer vakgebied(en)' data-no_results_text='No results match' data-multiple_text='Select Some Options'>\n\t<option class=\"level-0\" value=\"244\">An\u00e4sthesiepfleger\/-in<\/option>\n\t<option class=\"level-0\" value=\"245\">\u00c4rzte<\/option>\n\t<option class=\"level-0\" value=\"251\">Intensivpfleger\/-in<\/option>\n\t<option class=\"level-0\" value=\"253\">Leiter\/in<\/option>\n\t<option class=\"level-0\" value=\"250\">MTRA<\/option>\n\t<option class=\"level-0\" value=\"252\">Pflegefachfrau\/-mann<\/option>\n\t<option class=\"level-0\" value=\"246\">Physiotherapeut\/-in<\/option>\n\t<option class=\"level-1\" value=\"248\">&nbsp;&nbsp;&nbsp;Manueller Therapeut<\/option>\n\t<option class=\"level-0\" value=\"249\">TOA \/ OTA<\/option>\n<\/select>\n\t\t\t\t\t\t\t<\/div>\n\t\t\n\t\t\t\t\t<div class=\"search_submit\">\n\t\t\t\t<input type=\"submit\" value=\"Search Jobs\">\n\t\t\t<\/div>\n\t\t\n\t\t\t<\/div>\n\n\t\t<ul class=\"job_types\">\n\t\t\t\t\t<li><label for=\"job_type_festanstellung\" class=\"festanstellung\"><input type=\"checkbox\" name=\"filter_job_type[]\" value=\"festanstellung\"  checked='checked' id=\"job_type_festanstellung\" \/> Festanstellung<\/label><\/li>\n\t\t\t\t\t<li><label for=\"job_type_rekrutierung-und-auswahl\" class=\"rekrutierung-und-auswahl\"><input type=\"checkbox\" name=\"filter_job_type[]\" value=\"rekrutierung-und-auswahl\"  checked='checked' id=\"job_type_rekrutierung-und-auswahl\" \/> Rekrutierung und Auswahl<\/label><\/li>\n\t\t\t\t\t<li><label for=\"job_type_temporar\" class=\"temporaer\"><input type=\"checkbox\" name=\"filter_job_type[]\" value=\"temporar\"  checked='checked' id=\"job_type_temporar\" \/> Tempor\u00e4r<\/label><\/li>\n\t\t\t<\/ul>\n\t<input type=\"hidden\" name=\"filter_job_type[]\" value=\"\" \/>\n<div class=\"showing_jobs\"><\/div><\/form>\n\n\n<noscript>Your browser does not support JavaScript, or it is disabled. JavaScript must be enabled in order to view listings.<\/noscript>\n<ul class=\"job_listings\">\n<\/ul>\n<\/div>Kein Grund zur Sorge! Wir schrecken nicht vor einer Herausforderung zur\u00fcck. Schicken Sie uns eine offene Bewerbung und wir schauen uns gemeinsam Ihre M\u00f6glichkeiten an! Die Vorteile der Arbeit bei oder durch Korint\u00ae? Flexibilit\u00e4t bei Arbeitszeiten und Arbeit Gehen Sie (vor\u00fcbergehend) ins Ausland zum Arbeiten H\u00f6heres Gehalt als bei einer Festanstellung Leihwagen [&hellip;]<\/p>\n","protected":false},"author":8,"featured_media":0,"parent":0,"menu_order":3,"comment_status":"closed","ping_status":"closed","template":"","meta":{"_et_pb_use_builder":"on","_et_pb_old_content":"","_et_gb_content_width":"","footnotes":""},"class_list":["post-9092","page","type-page","status-publish","hentry"],"yoast_head":"<!-- This site is optimized with the Yoast SEO plugin v27.3 - https:\/\/yoast.com\/product\/yoast-seo-wordpress\/ -->\n<title>Stellenangebote - Korint\u00ae<\/title>\n<meta name=\"robots\" content=\"index, follow, max-snippet:-1, max-image-preview:large, max-video-preview:-1\" \/>\n<link rel=\"canonical\" href=\"https:\/\/korint.eu\/ch\/stellenangebote\/\" \/>\n<meta property=\"og:locale\" content=\"de_DE\" \/>\n<meta property=\"og:type\" content=\"article\" \/>\n<meta property=\"og:title\" content=\"Stellenangebote - Korint\u00ae\" \/>\n<meta property=\"og:description\" content=\"Unser Stellenangebot Kein Grund zur Sorge! Wir schrecken nicht vor einer Herausforderung zur\u00fcck. Schicken Sie uns eine offene Bewerbung und wir schauen uns gemeinsam Ihre M\u00f6glichkeiten an! Die Vorteile der Arbeit bei oder durch Korint\u00ae? Flexibilit\u00e4t bei Arbeitszeiten und Arbeit Gehen Sie (vor\u00fcbergehend) ins Ausland zum Arbeiten H\u00f6heres Gehalt als bei einer Festanstellung Leihwagen [&hellip;]\" \/>\n<meta property=\"og:url\" content=\"https:\/\/korint.eu\/ch\/stellenangebote\/\" \/>\n<meta property=\"og:site_name\" content=\"Korint\u00ae\" \/>\n<meta property=\"article:publisher\" content=\"https:\/\/www.facebook.com\/korintnederland\/\" \/>\n<meta property=\"article:modified_time\" content=\"2025-11-13T15:16:25+00:00\" \/>\n<meta name=\"twitter:card\" content=\"summary_large_image\" \/>\n<meta name=\"twitter:label1\" content=\"Gesch\u00e4tzte Lesezeit\" \/>\n\t<meta name=\"twitter:data1\" content=\"1\u00a0Minute\" \/>\n<script type=\"application\/ld+json\" class=\"yoast-schema-graph\">{\"@context\":\"https:\\\/\\\/schema.org\",\"@graph\":[{\"@type\":\"WebPage\",\"@id\":\"https:\\\/\\\/korint.eu\\\/ch\\\/stellenangebote\\\/\",\"url\":\"https:\\\/\\\/korint.eu\\\/ch\\\/stellenangebote\\\/\",\"name\":\"Stellenangebote - Korint\u00ae\",\"isPartOf\":{\"@id\":\"https:\\\/\\\/korint.eu\\\/ch\\\/#website\"},\"datePublished\":\"2024-10-28T12:54:28+00:00\",\"dateModified\":\"2025-11-13T15:16:25+00:00\",\"breadcrumb\":{\"@id\":\"https:\\\/\\\/korint.eu\\\/ch\\\/stellenangebote\\\/#breadcrumb\"},\"inLanguage\":\"de-CH\",\"potentialAction\":[{\"@type\":\"ReadAction\",\"target\":[\"https:\\\/\\\/korint.eu\\\/ch\\\/stellenangebote\\\/\"]}]},{\"@type\":\"BreadcrumbList\",\"@id\":\"https:\\\/\\\/korint.eu\\\/ch\\\/stellenangebote\\\/#breadcrumb\",\"itemListElement\":[{\"@type\":\"ListItem\",\"position\":1,\"name\":\"Home\",\"item\":\"https:\\\/\\\/korint.eu\\\/ch\\\/\"},{\"@type\":\"ListItem\",\"position\":2,\"name\":\"Stellenangebote\"}]},{\"@type\":\"WebSite\",\"@id\":\"https:\\\/\\\/korint.eu\\\/ch\\\/#website\",\"url\":\"https:\\\/\\\/korint.eu\\\/ch\\\/\",\"name\":\"Korint\u00ae\",\"description\":\"Flexibele carri\u00e8re mogelijkheden voor zorgprofessionals\",\"publisher\":{\"@id\":\"https:\\\/\\\/korint.eu\\\/ch\\\/#organization\"},\"potentialAction\":[{\"@type\":\"SearchAction\",\"target\":{\"@type\":\"EntryPoint\",\"urlTemplate\":\"https:\\\/\\\/korint.eu\\\/ch\\\/?s={search_term_string}\"},\"query-input\":{\"@type\":\"PropertyValueSpecification\",\"valueRequired\":true,\"valueName\":\"search_term_string\"}}],\"inLanguage\":\"de-CH\"},{\"@type\":\"Organization\",\"@id\":\"https:\\\/\\\/korint.eu\\\/ch\\\/#organization\",\"name\":\"Korint\u00ae\",\"url\":\"https:\\\/\\\/korint.eu\\\/ch\\\/\",\"logo\":{\"@type\":\"ImageObject\",\"inLanguage\":\"de-CH\",\"@id\":\"https:\\\/\\\/korint.eu\\\/ch\\\/#\\\/schema\\\/logo\\\/image\\\/\",\"url\":\"https:\\\/\\\/korint.eu\\\/wp-content\\\/uploads\\\/2025\\\/01\\\/Vacature-icon-korint\u00ae.jpg\",\"contentUrl\":\"https:\\\/\\\/korint.eu\\\/wp-content\\\/uploads\\\/2025\\\/01\\\/Vacature-icon-korint\u00ae.jpg\",\"width\":1000,\"height\":1000,\"caption\":\"Korint\u00ae\"},\"image\":{\"@id\":\"https:\\\/\\\/korint.eu\\\/ch\\\/#\\\/schema\\\/logo\\\/image\\\/\"},\"sameAs\":[\"https:\\\/\\\/www.facebook.com\\\/korintnederland\\\/\",\"https:\\\/\\\/www.instagram.com\\\/korint_nederland\\\/\",\"https:\\\/\\\/www.linkedin.com\\\/company\\\/korint-medical-recruitment\\\/\"]}]}<\/script>\n<!-- \/ Yoast SEO plugin. -->","yoast_head_json":{"title":"Stellenangebote - Korint\u00ae","robots":{"index":"index","follow":"follow","max-snippet":"max-snippet:-1","max-image-preview":"max-image-preview:large","max-video-preview":"max-video-preview:-1"},"canonical":"https:\/\/korint.eu\/ch\/stellenangebote\/","og_locale":"de_DE","og_type":"article","og_title":"Stellenangebote - Korint\u00ae","og_description":"Unser Stellenangebot Kein Grund zur Sorge! Wir schrecken nicht vor einer Herausforderung zur\u00fcck. Schicken Sie uns eine offene Bewerbung und wir schauen uns gemeinsam Ihre M\u00f6glichkeiten an! Die Vorteile der Arbeit bei oder durch Korint\u00ae? Flexibilit\u00e4t bei Arbeitszeiten und Arbeit Gehen Sie (vor\u00fcbergehend) ins Ausland zum Arbeiten H\u00f6heres Gehalt als bei einer Festanstellung Leihwagen [&hellip;]","og_url":"https:\/\/korint.eu\/ch\/stellenangebote\/","og_site_name":"Korint\u00ae","article_publisher":"https:\/\/www.facebook.com\/korintnederland\/","article_modified_time":"2025-11-13T15:16:25+00:00","twitter_card":"summary_large_image","twitter_misc":{"Gesch\u00e4tzte Lesezeit":"1\u00a0Minute"},"schema":{"@context":"https:\/\/schema.org","@graph":[{"@type":"WebPage","@id":"https:\/\/korint.eu\/ch\/stellenangebote\/","url":"https:\/\/korint.eu\/ch\/stellenangebote\/","name":"Stellenangebote - Korint\u00ae","isPartOf":{"@id":"https:\/\/korint.eu\/ch\/#website"},"datePublished":"2024-10-28T12:54:28+00:00","dateModified":"2025-11-13T15:16:25+00:00","breadcrumb":{"@id":"https:\/\/korint.eu\/ch\/stellenangebote\/#breadcrumb"},"inLanguage":"de-CH","potentialAction":[{"@type":"ReadAction","target":["https:\/\/korint.eu\/ch\/stellenangebote\/"]}]},{"@type":"BreadcrumbList","@id":"https:\/\/korint.eu\/ch\/stellenangebote\/#breadcrumb","itemListElement":[{"@type":"ListItem","position":1,"name":"Home","item":"https:\/\/korint.eu\/ch\/"},{"@type":"ListItem","position":2,"name":"Stellenangebote"}]},{"@type":"WebSite","@id":"https:\/\/korint.eu\/ch\/#website","url":"https:\/\/korint.eu\/ch\/","name":"Korint\u00ae","description":"Flexibele carri\u00e8re mogelijkheden voor zorgprofessionals","publisher":{"@id":"https:\/\/korint.eu\/ch\/#organization"},"potentialAction":[{"@type":"SearchAction","target":{"@type":"EntryPoint","urlTemplate":"https:\/\/korint.eu\/ch\/?s={search_term_string}"},"query-input":{"@type":"PropertyValueSpecification","valueRequired":true,"valueName":"search_term_string"}}],"inLanguage":"de-CH"},{"@type":"Organization","@id":"https:\/\/korint.eu\/ch\/#organization","name":"Korint\u00ae","url":"https:\/\/korint.eu\/ch\/","logo":{"@type":"ImageObject","inLanguage":"de-CH","@id":"https:\/\/korint.eu\/ch\/#\/schema\/logo\/image\/","url":"https:\/\/korint.eu\/wp-content\/uploads\/2025\/01\/Vacature-icon-korint\u00ae.jpg","contentUrl":"https:\/\/korint.eu\/wp-content\/uploads\/2025\/01\/Vacature-icon-korint\u00ae.jpg","width":1000,"height":1000,"caption":"Korint\u00ae"},"image":{"@id":"https:\/\/korint.eu\/ch\/#\/schema\/logo\/image\/"},"sameAs":["https:\/\/www.facebook.com\/korintnederland\/","https:\/\/www.instagram.com\/korint_nederland\/","https:\/\/www.linkedin.com\/company\/korint-medical-recruitment\/"]}]}},"_links":{"self":[{"href":"https:\/\/korint.eu\/ch\/wp-json\/wp\/v2\/pages\/9092","targetHints":{"allow":["GET"]}}],"collection":[{"href":"https:\/\/korint.eu\/ch\/wp-json\/wp\/v2\/pages"}],"about":[{"href":"https:\/\/korint.eu\/ch\/wp-json\/wp\/v2\/types\/page"}],"author":[{"embeddable":true,"href":"https:\/\/korint.eu\/ch\/wp-json\/wp\/v2\/users\/8"}],"replies":[{"embeddable":true,"href":"https:\/\/korint.eu\/ch\/wp-json\/wp\/v2\/comments?post=9092"}],"version-history":[{"count":2,"href":"https:\/\/korint.eu\/ch\/wp-json\/wp\/v2\/pages\/9092\/revisions"}],"predecessor-version":[{"id":9094,"href":"https:\/\/korint.eu\/ch\/wp-json\/wp\/v2\/pages\/9092\/revisions\/9094"}],"wp:attachment":[{"href":"https:\/\/korint.eu\/ch\/wp-json\/wp\/v2\/media?parent=9092"}],"curies":[{"name":"wp","href":"https:\/\/api.w.org\/{rel}","templated":true}]}}