{"id":9032,"date":"2024-10-28T13:53:48","date_gmt":"2024-10-28T12:53:48","guid":{"rendered":"https:\/\/korint.eu\/?page_id=9032"},"modified":"2025-11-13T15:44:01","modified_gmt":"2025-11-13T14:44:01","slug":"unsere-lander","status":"publish","type":"page","link":"https:\/\/korint.eu\/ch\/unsere-lander\/","title":{"rendered":"Unsere L\u00e4nder"},"content":{"rendered":"<p>[et_pb_section fb_built=&#187;1&#8243; _builder_version=&#187;4.27.4&#8243; _module_preset=&#187;default&#187; background_color=&#187;#0A363C&#187; custom_padding=&#187;0px||0px||true|false&#187; saved_tabs=&#187;all&#187; locked=&#187;off&#187; global_colors_info=&#187;{}&#187;][et_pb_row _builder_version=&#187;4.27.4&#8243; _module_preset=&#187;default&#187; custom_padding=&#187;0px||0px||true|false&#187; locked=&#187;off&#187; global_colors_info=&#187;{}&#187;][et_pb_column type=&#187;4_4&#8243; _builder_version=&#187;4.27.2&#8243; _module_preset=&#187;default&#187; global_colors_info=&#187;{}&#187;][et_pb_text _builder_version=&#187;4.27.4&#8243; _module_preset=&#187;default&#187; text_font=&#187;||||||||&#187; text_font_size=&#187;14px&#187; link_font=&#187;||||||||&#187; link_text_color=&#187;rgba(255,255,255,0.5)&#187; background_layout=&#187;dark&#187; border_width_bottom=&#187;1px&#187; border_color_bottom=&#187;rgba(227,255,204,0.1)&#187; locked=&#187;off&#187; global_colors_info=&#187;{}&#187;]<\/p>\n<span><span><a href=\"https:\/\/korint.eu\/ch\/\">Home<\/a><\/span><\/span>\n<p>[\/et_pb_text][\/et_pb_column][\/et_pb_row][\/et_pb_section][et_pb_section fb_built=&#187;1&#8243; _builder_version=&#187;4.27.4&#8243; _module_preset=&#187;default&#187; background_color=&#187;#0A363C&#187; saved_tabs=&#187;all&#187; locked=&#187;off&#187; global_colors_info=&#187;{}&#187;][et_pb_row _builder_version=&#187;4.27.4&#8243; _module_preset=&#187;default&#187; global_colors_info=&#187;{}&#187;][et_pb_column type=&#187;4_4&#8243; _builder_version=&#187;4.27.2&#8243; _module_preset=&#187;default&#187; global_colors_info=&#187;{}&#187;][et_pb_text _builder_version=&#187;4.27.4&#8243; _module_preset=&#187;default&#187; background_layout=&#187;dark&#187; animation_style=&#187;slide&#187; animation_direction=&#187;bottom&#187; animation_duration=&#187;500ms&#187; locked=&#187;off&#187; global_colors_info=&#187;{}&#187;]<\/p>\n<h1>Sie wollen in der Schweiz oder in den Niederlanden ins Gesundheitswesen einsteigen? Gehen Sie mit Korint\u00ae gut vorbereitet an die Arbeit.<\/h1>\n<p>[\/et_pb_text][\/et_pb_column][\/et_pb_row][et_pb_row column_structure=&#187;1_2,1_2&#8243; _builder_version=&#187;4.27.4&#8243; _module_preset=&#187;default&#187; global_colors_info=&#187;{}&#187;][et_pb_column type=&#187;1_2&#8243; _builder_version=&#187;4.27.4&#8243; _module_preset=&#187;default&#187; global_colors_info=&#187;{}&#187;][et_pb_divider _builder_version=&#187;4.27.4&#8243; _module_preset=&#187;default&#187; width=&#187;50%&#187; locked=&#187;off&#187; global_colors_info=&#187;{}&#187;][\/et_pb_divider][\/et_pb_column][et_pb_column type=&#187;1_2&#8243; _builder_version=&#187;4.27.4&#8243; _module_preset=&#187;default&#187; global_colors_info=&#187;{}&#187;][et_pb_text _builder_version=&#187;4.27.4&#8243; _module_preset=&#187;493f21f0-efb5-4b25-96c1-77956cd13963&#8243; animation_style=&#187;slide&#187; animation_direction=&#187;bottom&#187; animation_duration=&#187;500ms&#187; animation_delay=&#187;500ms&#187; locked=&#187;off&#187; global_colors_info=&#187;{}&#187;]<\/p>\n<p>Wir k\u00fcmmern uns um alle Dokumente, Genehmigungen und helfen Ihnen bei der Suche nach einer Unterkunft. So k\u00f6nnen Sie Ihre Zeit als Fachkraft im Gesundheitswesen sorgenfrei und in vollen Z\u00fcgen genie\u00dfen.<\/p>\n<p>[\/et_pb_text][\/et_pb_column][\/et_pb_row][\/et_pb_section][et_pb_section fb_built=&#187;1&#8243; admin_label=&#187;section&#187; _builder_version=&#187;4.27.4&#8243; _module_preset=&#187;default&#187; saved_tabs=&#187;all&#187; locked=&#187;off&#187; global_colors_info=&#187;{}&#187;][et_pb_row column_structure=&#187;1_2,1_2&#8243; make_equal=&#187;on&#187; _builder_version=&#187;4.27.4&#8243; _module_preset=&#187;_initial&#187; locked=&#187;off&#187; global_colors_info=&#187;{}&#187;][et_pb_column type=&#187;1_2&#8243; _builder_version=&#187;4.27.4&#8243; _module_preset=&#187;default&#187; background_color=&#187;#00272D&#187; use_background_color_gradient=&#187;on&#187; background_color_gradient_stops=&#187;rgba(0,39,45,0.7) 0%|#0a363c 100%&#187; background_color_gradient_overlays_image=&#187;on&#187; background_image=&#187;https:\/\/korint.eu\/wp-content\/uploads\/2025\/01\/werken-in-zwitserland-in-de-zorg.jpg&#187; global_colors_info=&#187;{}&#187;][et_pb_cta title=&#187;Arbeiten im Schweizer Gesundheitswesen&#187; button_url=&#187;\/de\/international\/schweiz\/&#187; button_text=&#187;Arbeiten Schweiz&#187; _builder_version=&#187;4.27.4&#8243; _module_preset=&#187;default&#187; header_text_color=&#187;#FFFFFF&#187; header_font_size=&#187;1.5vw&#187; background_color=&#187;RGBA(255,255,255,0)&#187; text_orientation=&#187;left&#187; background_layout=&#187;dark&#187; custom_padding=&#187;200px|50px|50px|50px|false|true&#187; custom_padding_tablet=&#187;140px|40px|40px|40px|false|true&#187; custom_padding_phone=&#187;130px|30px|30px|30px|false|true&#187; custom_padding_last_edited=&#187;on|desktop&#187; link_option_url=&#187;\/de\/international\/schweiz\/&#187; header_font_size_tablet=&#187;4.5vw&#187; header_font_size_phone=&#187;5.5vw&#187; header_font_size_last_edited=&#187;on|phone&#187; global_colors_info=&#187;{}&#187;]<\/p>\n<p>Wir k\u00fcmmern uns um alle Dokumente und Genehmigungen und helfen Ihnen, den perfekten Job in der sch\u00f6nen Schweiz zu finden!<\/p>\n<p>[\/et_pb_cta][\/et_pb_column][et_pb_column type=&#187;1_2&#8243; _builder_version=&#187;4.27.4&#8243; _module_preset=&#187;default&#187; background_color=&#187;#00272D&#187; use_background_color_gradient=&#187;on&#187; background_color_gradient_stops=&#187;rgba(0,39,45,0.7) 0%|#0a363c 100%&#187; background_color_gradient_overlays_image=&#187;on&#187; background_image=&#187;https:\/\/korint.eu\/wp-content\/uploads\/2025\/02\/Radiodiagnostisch-Laborant-Oproepkracht.jpg&#187; global_colors_info=&#187;{}&#187;][et_pb_cta title=&#187;Arbeiten in den Niederlanden&#187; button_url=&#187;\/de\/international\/niederlande\/&#187; button_text=&#187;Arbeiten Niederlande&#187; _builder_version=&#187;4.27.4&#8243; _module_preset=&#187;default&#187; header_text_color=&#187;#FFFFFF&#187; header_font_size=&#187;1.5vw&#187; background_color=&#187;RGBA(255,255,255,0)&#187; text_orientation=&#187;left&#187; background_layout=&#187;dark&#187; custom_padding=&#187;200px|50px|50px|50px|false|true&#187; custom_padding_tablet=&#187;140px|40px|40px|40px|false|true&#187; custom_padding_phone=&#187;130px|30px|30px|30px|false|true&#187; custom_padding_last_edited=&#187;on|desktop&#187; link_option_url=&#187;\/de\/international\/niederlande\/&#187; header_font_size_tablet=&#187;4.5vw&#187; header_font_size_phone=&#187;5.5vw&#187; header_font_size_last_edited=&#187;on|phone&#187; locked=&#187;off&#187; global_colors_info=&#187;{}&#187;]<\/p>\n<p>Ein viel flacheres Land als die Schweiz, aber auch mit einem sehr hohen Betreuungsniveau macht dies zu einem gro\u00dfartigen Arbeitsort!<\/p>\n<p>[\/et_pb_cta][\/et_pb_column][\/et_pb_row][\/et_pb_section][et_pb_section fb_built=&#187;1&#8243; _builder_version=&#187;4.27.4&#8243; _module_preset=&#187;default&#187; background_color=&#187;#0A363C&#187; background_enable_mask_style=&#187;on&#187; background_mask_style=&#187;arch&#187; background_mask_transform=&#187;invert|rotate_90_degree&#187; background_color_tablet=&#187;#E3FFCC&#187; background_last_edited=&#187;on|phone&#187; background_enable_color_tablet=&#187;on&#187; global_module=&#187;232&#8243; saved_tabs=&#187;all&#187; locked=&#187;off&#187; global_colors_info=&#187;{}&#187;][et_pb_row column_structure=&#187;1_2,1_2&#8243; make_equal=&#187;on&#187; custom_padding_last_edited=&#187;on|desktop&#187; module_class=&#187;btn-inline-right&#187; _builder_version=&#187;4.27.4&#8243; _module_preset=&#187;9a22613d-4a4d-40c1-b9c6-9591b07faf49&#8243; background_color=&#187;#00272D&#187; background_enable_mask_style=&#187;on&#187; background_mask_style=&#187;honeycomb&#187; background_mask_color=&#187;rgba(227,255,204,0.1)&#187; background_mask_transform=&#187;invert&#187; background_mask_size=&#187;cover&#187; background_mask_position=&#187;top_right&#187; background_mask_horizontal_offset=&#187;0%&#187; width=&#187;100%&#187; custom_padding=&#187;50px|50px|50px|50px|true|true&#187; custom_padding_tablet=&#187;40px|40px|40px|40px|true|true&#187; custom_padding_phone=&#187;30px|30px|30px|30px|true|true&#187; scroll_vertical_motion_enable=&#187;on&#187; scroll_vertical_motion=&#187;0|40|40|100|2|0|0&#8243; scroll_scaling_enable=&#187;on&#187; scroll_scaling=&#187;0|40|40|100|70|100|100&#8243; motion_trigger_start=&#187;top&#187; custom_css_main_element=&#187;align-items:flex-end;&#187; box_shadow_style=&#187;preset1&#8243; box_shadow_vertical=&#187;0px&#187; box_shadow_blur=&#187;20px&#187; global_colors_info=&#187;{}&#187;][et_pb_column type=&#187;1_2&#8243; _builder_version=&#187;4.27.4&#8243; _module_preset=&#187;default&#187; global_colors_info=&#187;{}&#187;][et_pb_text _builder_version=&#187;4.27.4&#8243; header_2_text_color=&#187;#E3FFCC&#187; background_layout=&#187;dark&#187; locked=&#187;off&#187; global_colors_info=&#187;{}&#187;]<\/p>\n<h2>Geben Sie Ihrer Karriere den Korint\u00ae-Schub \ud83d\ude80<\/h2>\n<p>Hinterlassen Sie Ihre Angaben auf unserem Anmeldeformular oder buchen Sie ein kostenloses und unverbindliches Beratungsgespr\u00e4ch mit einem unserer Berater.<\/p>\n<p>[\/et_pb_text][\/et_pb_column][et_pb_column type=&#187;1_2&#8243; _builder_version=&#187;4.27.4&#8243; _module_preset=&#187;default&#187; global_colors_info=&#187;{}&#187;][et_pb_button button_url=&#187;@ET-DC@eyJkeW5hbWljIjp0cnVlLCJjb250ZW50IjoicG9zdF9saW5rX3VybF9wYWdlIiwic2V0dGluZ3MiOnsicG9zdF9pZCI6IjEwMzkiLCJlbmFibGVfaHRtbCI6Im9mZiJ9fQ==@&#187; button_text=&#187;Anmelden&#187; _builder_version=&#187;4.27.4&#8243; _dynamic_attributes=&#187;button_url&#187; _module_preset=&#187;95a81d9e-05d3-4903-b688-fe17a9ba1607&#8243; global_colors_info=&#187;{}&#187;][\/et_pb_button][et_pb_button button_url=&#187;@ET-DC@eyJkeW5hbWljIjp0cnVlLCJjb250ZW50IjoicG9zdF9saW5rX3VybF9wYWdlIiwic2V0dGluZ3MiOnsicG9zdF9pZCI6IjEwOTgiLCJlbmFibGVfaHRtbCI6Im9mZiJ9fQ==@&#187; button_text=&#187;Beratung buchen&#187; _builder_version=&#187;4.27.4&#8243; _dynamic_attributes=&#187;button_url&#187; _module_preset=&#187;0c18befe-4b19-4e6e-afe9-8ea333cad736&#8243; global_colors_info=&#187;{}&#187;][\/et_pb_button][\/et_pb_column][\/et_pb_row][\/et_pb_section]<\/p>\n","protected":false},"excerpt":{"rendered":"<p><span><span><a href=\"https:\/\/korint.eu\/ch\/\">Home<\/a><\/span><\/span> Sie wollen in der Schweiz oder in den Niederlanden ins Gesundheitswesen einsteigen? Gehen Sie mit Korint\u00ae gut vorbereitet an die Arbeit. Wir k\u00fcmmern uns um alle Dokumente, Genehmigungen und helfen Ihnen bei der Suche nach einer Unterkunft. So k\u00f6nnen Sie Ihre Zeit als Fachkraft im Gesundheitswesen sorgenfrei und in vollen Z\u00fcgen genie\u00dfen. Wir k\u00fcmmern [&hellip;]<\/p>\n","protected":false},"author":8,"featured_media":0,"parent":0,"menu_order":1,"comment_status":"closed","ping_status":"closed","template":"","meta":{"_et_pb_use_builder":"on","_et_pb_old_content":"","_et_gb_content_width":"","footnotes":""},"class_list":["post-9032","page","type-page","status-publish","hentry"],"yoast_head":"<!-- This site is optimized with the Yoast SEO plugin v27.3 - https:\/\/yoast.com\/product\/yoast-seo-wordpress\/ -->\n<title>Unsere L\u00e4nder - Korint\u00ae<\/title>\n<meta name=\"robots\" content=\"index, follow, max-snippet:-1, max-image-preview:large, max-video-preview:-1\" \/>\n<link rel=\"canonical\" href=\"https:\/\/korint.eu\/ch\/unsere-lander\/\" \/>\n<meta property=\"og:locale\" content=\"de_DE\" \/>\n<meta property=\"og:type\" content=\"article\" \/>\n<meta property=\"og:title\" content=\"Unsere L\u00e4nder - Korint\u00ae\" \/>\n<meta property=\"og:description\" content=\"Sie wollen in der Schweiz oder in den Niederlanden ins Gesundheitswesen einsteigen? Gehen Sie mit Korint\u00ae gut vorbereitet an die Arbeit. Wir k\u00fcmmern uns um alle Dokumente, Genehmigungen und helfen Ihnen bei der Suche nach einer Unterkunft. So k\u00f6nnen Sie Ihre Zeit als Fachkraft im Gesundheitswesen sorgenfrei und in vollen Z\u00fcgen genie\u00dfen. Wir k\u00fcmmern [&hellip;]\" \/>\n<meta property=\"og:url\" content=\"https:\/\/korint.eu\/ch\/unsere-lander\/\" \/>\n<meta property=\"og:site_name\" content=\"Korint\u00ae\" \/>\n<meta property=\"article:publisher\" content=\"https:\/\/www.facebook.com\/korintnederland\/\" \/>\n<meta property=\"article:modified_time\" content=\"2025-11-13T14:44:01+00:00\" \/>\n<meta name=\"twitter:card\" content=\"summary_large_image\" \/>\n<meta name=\"twitter:label1\" content=\"Gesch\u00e4tzte Lesezeit\" \/>\n\t<meta name=\"twitter:data1\" content=\"2\u00a0Minuten\" \/>\n<script type=\"application\/ld+json\" class=\"yoast-schema-graph\">{\"@context\":\"https:\\\/\\\/schema.org\",\"@graph\":[{\"@type\":\"WebPage\",\"@id\":\"https:\\\/\\\/korint.eu\\\/ch\\\/unsere-lander\\\/\",\"url\":\"https:\\\/\\\/korint.eu\\\/ch\\\/unsere-lander\\\/\",\"name\":\"Unsere L\u00e4nder - Korint\u00ae\",\"isPartOf\":{\"@id\":\"https:\\\/\\\/korint.eu\\\/ch\\\/#website\"},\"datePublished\":\"2024-10-28T12:53:48+00:00\",\"dateModified\":\"2025-11-13T14:44:01+00:00\",\"breadcrumb\":{\"@id\":\"https:\\\/\\\/korint.eu\\\/ch\\\/unsere-lander\\\/#breadcrumb\"},\"inLanguage\":\"de-CH\",\"potentialAction\":[{\"@type\":\"ReadAction\",\"target\":[\"https:\\\/\\\/korint.eu\\\/ch\\\/unsere-lander\\\/\"]}]},{\"@type\":\"BreadcrumbList\",\"@id\":\"https:\\\/\\\/korint.eu\\\/ch\\\/unsere-lander\\\/#breadcrumb\",\"itemListElement\":[{\"@type\":\"ListItem\",\"position\":1,\"name\":\"Home\",\"item\":\"https:\\\/\\\/korint.eu\\\/ch\\\/\"},{\"@type\":\"ListItem\",\"position\":2,\"name\":\"Unsere L\u00e4nder\"}]},{\"@type\":\"WebSite\",\"@id\":\"https:\\\/\\\/korint.eu\\\/ch\\\/#website\",\"url\":\"https:\\\/\\\/korint.eu\\\/ch\\\/\",\"name\":\"Korint\u00ae\",\"description\":\"Flexibele carri\u00e8re mogelijkheden voor zorgprofessionals\",\"publisher\":{\"@id\":\"https:\\\/\\\/korint.eu\\\/ch\\\/#organization\"},\"potentialAction\":[{\"@type\":\"SearchAction\",\"target\":{\"@type\":\"EntryPoint\",\"urlTemplate\":\"https:\\\/\\\/korint.eu\\\/ch\\\/?s={search_term_string}\"},\"query-input\":{\"@type\":\"PropertyValueSpecification\",\"valueRequired\":true,\"valueName\":\"search_term_string\"}}],\"inLanguage\":\"de-CH\"},{\"@type\":\"Organization\",\"@id\":\"https:\\\/\\\/korint.eu\\\/ch\\\/#organization\",\"name\":\"Korint\u00ae\",\"url\":\"https:\\\/\\\/korint.eu\\\/ch\\\/\",\"logo\":{\"@type\":\"ImageObject\",\"inLanguage\":\"de-CH\",\"@id\":\"https:\\\/\\\/korint.eu\\\/ch\\\/#\\\/schema\\\/logo\\\/image\\\/\",\"url\":\"https:\\\/\\\/korint.eu\\\/wp-content\\\/uploads\\\/2025\\\/01\\\/Vacature-icon-korint\u00ae.jpg\",\"contentUrl\":\"https:\\\/\\\/korint.eu\\\/wp-content\\\/uploads\\\/2025\\\/01\\\/Vacature-icon-korint\u00ae.jpg\",\"width\":1000,\"height\":1000,\"caption\":\"Korint\u00ae\"},\"image\":{\"@id\":\"https:\\\/\\\/korint.eu\\\/ch\\\/#\\\/schema\\\/logo\\\/image\\\/\"},\"sameAs\":[\"https:\\\/\\\/www.facebook.com\\\/korintnederland\\\/\",\"https:\\\/\\\/www.instagram.com\\\/korint_nederland\\\/\",\"https:\\\/\\\/www.linkedin.com\\\/company\\\/korint-medical-recruitment\\\/\"]}]}<\/script>\n<!-- \/ Yoast SEO plugin. -->","yoast_head_json":{"title":"Unsere L\u00e4nder - Korint\u00ae","robots":{"index":"index","follow":"follow","max-snippet":"max-snippet:-1","max-image-preview":"max-image-preview:large","max-video-preview":"max-video-preview:-1"},"canonical":"https:\/\/korint.eu\/ch\/unsere-lander\/","og_locale":"de_DE","og_type":"article","og_title":"Unsere L\u00e4nder - Korint\u00ae","og_description":"Sie wollen in der Schweiz oder in den Niederlanden ins Gesundheitswesen einsteigen? Gehen Sie mit Korint\u00ae gut vorbereitet an die Arbeit. Wir k\u00fcmmern uns um alle Dokumente, Genehmigungen und helfen Ihnen bei der Suche nach einer Unterkunft. So k\u00f6nnen Sie Ihre Zeit als Fachkraft im Gesundheitswesen sorgenfrei und in vollen Z\u00fcgen genie\u00dfen. Wir k\u00fcmmern [&hellip;]","og_url":"https:\/\/korint.eu\/ch\/unsere-lander\/","og_site_name":"Korint\u00ae","article_publisher":"https:\/\/www.facebook.com\/korintnederland\/","article_modified_time":"2025-11-13T14:44:01+00:00","twitter_card":"summary_large_image","twitter_misc":{"Gesch\u00e4tzte Lesezeit":"2\u00a0Minuten"},"schema":{"@context":"https:\/\/schema.org","@graph":[{"@type":"WebPage","@id":"https:\/\/korint.eu\/ch\/unsere-lander\/","url":"https:\/\/korint.eu\/ch\/unsere-lander\/","name":"Unsere L\u00e4nder - Korint\u00ae","isPartOf":{"@id":"https:\/\/korint.eu\/ch\/#website"},"datePublished":"2024-10-28T12:53:48+00:00","dateModified":"2025-11-13T14:44:01+00:00","breadcrumb":{"@id":"https:\/\/korint.eu\/ch\/unsere-lander\/#breadcrumb"},"inLanguage":"de-CH","potentialAction":[{"@type":"ReadAction","target":["https:\/\/korint.eu\/ch\/unsere-lander\/"]}]},{"@type":"BreadcrumbList","@id":"https:\/\/korint.eu\/ch\/unsere-lander\/#breadcrumb","itemListElement":[{"@type":"ListItem","position":1,"name":"Home","item":"https:\/\/korint.eu\/ch\/"},{"@type":"ListItem","position":2,"name":"Unsere L\u00e4nder"}]},{"@type":"WebSite","@id":"https:\/\/korint.eu\/ch\/#website","url":"https:\/\/korint.eu\/ch\/","name":"Korint\u00ae","description":"Flexibele carri\u00e8re mogelijkheden voor zorgprofessionals","publisher":{"@id":"https:\/\/korint.eu\/ch\/#organization"},"potentialAction":[{"@type":"SearchAction","target":{"@type":"EntryPoint","urlTemplate":"https:\/\/korint.eu\/ch\/?s={search_term_string}"},"query-input":{"@type":"PropertyValueSpecification","valueRequired":true,"valueName":"search_term_string"}}],"inLanguage":"de-CH"},{"@type":"Organization","@id":"https:\/\/korint.eu\/ch\/#organization","name":"Korint\u00ae","url":"https:\/\/korint.eu\/ch\/","logo":{"@type":"ImageObject","inLanguage":"de-CH","@id":"https:\/\/korint.eu\/ch\/#\/schema\/logo\/image\/","url":"https:\/\/korint.eu\/wp-content\/uploads\/2025\/01\/Vacature-icon-korint\u00ae.jpg","contentUrl":"https:\/\/korint.eu\/wp-content\/uploads\/2025\/01\/Vacature-icon-korint\u00ae.jpg","width":1000,"height":1000,"caption":"Korint\u00ae"},"image":{"@id":"https:\/\/korint.eu\/ch\/#\/schema\/logo\/image\/"},"sameAs":["https:\/\/www.facebook.com\/korintnederland\/","https:\/\/www.instagram.com\/korint_nederland\/","https:\/\/www.linkedin.com\/company\/korint-medical-recruitment\/"]}]}},"_links":{"self":[{"href":"https:\/\/korint.eu\/ch\/wp-json\/wp\/v2\/pages\/9032","targetHints":{"allow":["GET"]}}],"collection":[{"href":"https:\/\/korint.eu\/ch\/wp-json\/wp\/v2\/pages"}],"about":[{"href":"https:\/\/korint.eu\/ch\/wp-json\/wp\/v2\/types\/page"}],"author":[{"embeddable":true,"href":"https:\/\/korint.eu\/ch\/wp-json\/wp\/v2\/users\/8"}],"replies":[{"embeddable":true,"href":"https:\/\/korint.eu\/ch\/wp-json\/wp\/v2\/comments?post=9032"}],"version-history":[{"count":1,"href":"https:\/\/korint.eu\/ch\/wp-json\/wp\/v2\/pages\/9032\/revisions"}],"predecessor-version":[{"id":9033,"href":"https:\/\/korint.eu\/ch\/wp-json\/wp\/v2\/pages\/9032\/revisions\/9033"}],"wp:attachment":[{"href":"https:\/\/korint.eu\/ch\/wp-json\/wp\/v2\/media?parent=9032"}],"curies":[{"name":"wp","href":"https:\/\/api.w.org\/{rel}","templated":true}]}}